{"id":143802,"date":"2025-12-14T02:11:22","date_gmt":"2025-12-13T23:11:22","guid":{"rendered":"https:\/\/baldumarket.lt\/?post_type=product&#038;p=143802"},"modified":"2026-02-03T23:36:13","modified_gmt":"2026-02-03T20:36:13","slug":"sofa-vegas-skora","status":"publish","type":"product","link":"https:\/\/baldumarket.lt\/lt\/product\/sofa-vegas-skora\/","title":{"rendered":"VEGAS odin\u0117 sofa"},"content":{"rendered":"<p>\u201eVegas\u201c sofa pasi\u017eymi paprastumu, moderniu ir eleganti\u0161ku dizainu. Paprasta forma puikiai dera prie minimalistinio interjero. Specifikacijos: \u2013 Zigzago spyruokl\u0117s, \u2013 Didelio elastingumo putplastis, \u2013 Medin\u0117s kojel\u0117s. * baldai gaminami pagal u\u017esakym\u0105 \u2013 u\u017esakymo gamybos laikas: 3\u20136 savait\u0117s <\/p>","protected":false},"excerpt":{"rendered":"<p>\u201eVegas\u201c sofa pasi\u017eymi paprastumu, moderniu ir eleganti\u0161ku dizainu. Paprasta forma puikiai dera prie minimalistinio interjero. Specifikacijos: \u2013 Zigzago spyruokl\u0117s, \u2013 Didelio elastingumo putplastis, \u2013 Medin\u0117s kojel\u0117s. * baldai gaminami pagal u\u017esakym\u0105 \u2013 u\u017esakymo gamybos laikas: 3\u20136 savait\u0117s<\/p>","protected":false},"featured_media":143827,"comment_status":"open","ping_status":"closed","template":"","meta":[],"product_brand":[],"product_cat":[3450,560],"product_tag":[],"class_list":{"0":"post-143802","1":"product","2":"type-product","3":"status-publish","4":"has-post-thumbnail","6":"product_cat-meble-pyka","7":"product_cat-sofas-and-couches","9":"first","10":"instock","11":"shipping-taxable","12":"purchasable","13":"product-type-variable","14":"wvs-archive-product-wrapper"},"_links":{"self":[{"href":"https:\/\/baldumarket.lt\/lt\/wp-json\/wp\/v2\/product\/143802","targetHints":{"allow":["GET"]}}],"collection":[{"href":"https:\/\/baldumarket.lt\/lt\/wp-json\/wp\/v2\/product"}],"about":[{"href":"https:\/\/baldumarket.lt\/lt\/wp-json\/wp\/v2\/types\/product"}],"replies":[{"embeddable":true,"href":"https:\/\/baldumarket.lt\/lt\/wp-json\/wp\/v2\/comments?post=143802"}],"wp:featuredmedia":[{"embeddable":true,"href":"https:\/\/baldumarket.lt\/lt\/wp-json\/wp\/v2\/media\/143827"}],"wp:attachment":[{"href":"https:\/\/baldumarket.lt\/lt\/wp-json\/wp\/v2\/media?parent=143802"}],"wp:term":[{"taxonomy":"product_brand","embeddable":true,"href":"https:\/\/baldumarket.lt\/lt\/wp-json\/wp\/v2\/product_brand?post=143802"},{"taxonomy":"product_cat","embeddable":true,"href":"https:\/\/baldumarket.lt\/lt\/wp-json\/wp\/v2\/product_cat?post=143802"},{"taxonomy":"product_tag","embeddable":true,"href":"https:\/\/baldumarket.lt\/lt\/wp-json\/wp\/v2\/product_tag?post=143802"}],"curies":[{"name":"wp","href":"https:\/\/api.w.org\/{rel}","templated":true}]}}