{"id":143796,"date":"2025-12-14T02:11:20","date_gmt":"2025-12-13T23:11:20","guid":{"rendered":"https:\/\/baldumarket.lt\/?post_type=product&#038;p=143796"},"modified":"2026-02-03T23:36:13","modified_gmt":"2026-02-03T20:36:13","slug":"sofa-sara-tkanina","status":"publish","type":"product","link":"https:\/\/baldumarket.lt\/lt\/product\/sofa-sara-tkanina\/","title":{"rendered":"SARA Audinio sofa"},"content":{"rendered":"<p>D\u0117l savo mink\u0161tos formos \u201eSara\u201c sofa yra vienas patogiausi\u0173 svetain\u0117s bald\u0173, puikiai dera tiek su moderniu, tiek su klasikiniu stiliumi. Ji ypa\u010d tinka vidutinio dyd\u017eio interjerams. Specifikacijos: \u2013 \u201eBonnell\u201c spyruokl\u0117s, \u2013 Didelio elastingumo putplastis, \u2013 Juodos plastikin\u0117s kojel\u0117s, \u2013 Galima \u012fsigyti kampin\u0119 sof\u0105. * Bald\u0173 gamyba pagal u\u017esakym\u0105 \u2013 gamybos laikas: 3\u20136 savait\u0117s<\/p>","protected":false},"excerpt":{"rendered":"<p>D\u0117l savo mink\u0161tos formos \u201eSara\u201c sofa yra vienas patogiausi\u0173 svetain\u0117s bald\u0173, puikiai dera tiek su moderniu, tiek su klasikiniu stiliumi. Ji ypa\u010d tinka vidutinio dyd\u017eio interjerams. Specifikacijos: \u2013 \u201eBonnell\u201c spyruokl\u0117s, \u2013 Didelio elastingumo putplastis, \u2013 Juodos plastikin\u0117s kojel\u0117s, \u2013 Galima \u012fsigyti kampin\u0119 sof\u0105. * Bald\u0173 gamyba pagal u\u017esakym\u0105 \u2013 gamybos laikas 3 [\u2026]<\/p>","protected":false},"featured_media":143825,"comment_status":"open","ping_status":"closed","template":"","meta":[],"product_brand":[],"product_cat":[9350,3450,560],"product_tag":[],"class_list":{"0":"post-143796","1":"product","2":"type-product","3":"status-publish","4":"has-post-thumbnail","6":"product_cat-sara-pyka-upholstered-furniture","7":"product_cat-meble-pyka","8":"product_cat-sofas-and-couches","10":"first","11":"instock","12":"shipping-taxable","13":"purchasable","14":"product-type-variable","15":"wvs-archive-product-wrapper"},"_links":{"self":[{"href":"https:\/\/baldumarket.lt\/lt\/wp-json\/wp\/v2\/product\/143796","targetHints":{"allow":["GET"]}}],"collection":[{"href":"https:\/\/baldumarket.lt\/lt\/wp-json\/wp\/v2\/product"}],"about":[{"href":"https:\/\/baldumarket.lt\/lt\/wp-json\/wp\/v2\/types\/product"}],"replies":[{"embeddable":true,"href":"https:\/\/baldumarket.lt\/lt\/wp-json\/wp\/v2\/comments?post=143796"}],"wp:featuredmedia":[{"embeddable":true,"href":"https:\/\/baldumarket.lt\/lt\/wp-json\/wp\/v2\/media\/143825"}],"wp:attachment":[{"href":"https:\/\/baldumarket.lt\/lt\/wp-json\/wp\/v2\/media?parent=143796"}],"wp:term":[{"taxonomy":"product_brand","embeddable":true,"href":"https:\/\/baldumarket.lt\/lt\/wp-json\/wp\/v2\/product_brand?post=143796"},{"taxonomy":"product_cat","embeddable":true,"href":"https:\/\/baldumarket.lt\/lt\/wp-json\/wp\/v2\/product_cat?post=143796"},{"taxonomy":"product_tag","embeddable":true,"href":"https:\/\/baldumarket.lt\/lt\/wp-json\/wp\/v2\/product_tag?post=143796"}],"curies":[{"name":"wp","href":"https:\/\/api.w.org\/{rel}","templated":true}]}}