{"id":143780,"date":"2025-12-14T02:10:52","date_gmt":"2025-12-13T23:10:52","guid":{"rendered":"https:\/\/baldumarket.lt\/?post_type=product&#038;p=143780"},"modified":"2026-04-08T16:00:55","modified_gmt":"2026-04-08T13:00:55","slug":"sofa-regan-tkanina","status":"publish","type":"product","link":"https:\/\/baldumarket.lt\/lt\/product\/sofa-regan-tkanina\/","title":{"rendered":"REGAN Audinio sofa"},"content":{"rendered":"<p>Auk\u0161\u010diausios kokyb\u0117s, moderni \u201eRegan\u201c sofa sujungia kokyb\u0119 ir komfort\u0105. Ji si\u016blo galimyb\u0119 \u012frengti patogias poilsio funkcijas, puikiai tinkan\u010dias atsipalaiduoti po ilgos dienos. Specifikacijos: \u2013 \u201eBonnell\u201c spyruokl\u0117s, \u2013 Silikonin\u0117s karoliukai, \u2013 Didelio elastingumo putplastis, \u2013 Galima kampin\u0117s sofos parinktis. * Baldai gaminami pagal u\u017esakym\u0105 \u2013 gamybos laikas: 3\u20136 savait\u0117s<\/p>","protected":false},"excerpt":{"rendered":"<p>Auk\u0161\u010diausios kokyb\u0117s, moderni \u201eRegan\u201c sofa sujungia kokyb\u0119 ir komfort\u0105. Ji si\u016blo galimyb\u0119 \u012frengti patogias poilsio funkcijas, puikiai tinkan\u010dias atsipalaiduoti po ilgos dienos. Specifikacijos: \u2013 \u201eBonnell\u201c spyruokl\u0117s, \u2013 Silikonin\u0117s karoliukai, \u2013 Didelio elastingumo putplastis, \u2013 Galima kampin\u0117s sofos parinktis. * Baldai gaminami pagal u\u017esakym\u0105 \u2013 gamybos laikas: 3\u20136 savait\u0117s<\/p>","protected":false},"featured_media":143807,"comment_status":"open","ping_status":"closed","template":"","meta":[],"product_brand":[],"product_cat":[9378,660,3450,560],"product_tag":[],"class_list":{"0":"post-143780","1":"product","2":"type-product","3":"status-publish","4":"has-post-thumbnail","6":"product_cat-regan-pyka-upholstered-furniture","7":"product_cat-lounge-sets","8":"product_cat-meble-pyka","9":"product_cat-sofas-and-couches","11":"first","12":"instock","13":"shipping-taxable","14":"purchasable","15":"product-type-variable","16":"wvs-archive-product-wrapper"},"_links":{"self":[{"href":"https:\/\/baldumarket.lt\/lt\/wp-json\/wp\/v2\/product\/143780","targetHints":{"allow":["GET"]}}],"collection":[{"href":"https:\/\/baldumarket.lt\/lt\/wp-json\/wp\/v2\/product"}],"about":[{"href":"https:\/\/baldumarket.lt\/lt\/wp-json\/wp\/v2\/types\/product"}],"replies":[{"embeddable":true,"href":"https:\/\/baldumarket.lt\/lt\/wp-json\/wp\/v2\/comments?post=143780"}],"wp:featuredmedia":[{"embeddable":true,"href":"https:\/\/baldumarket.lt\/lt\/wp-json\/wp\/v2\/media\/143807"}],"wp:attachment":[{"href":"https:\/\/baldumarket.lt\/lt\/wp-json\/wp\/v2\/media?parent=143780"}],"wp:term":[{"taxonomy":"product_brand","embeddable":true,"href":"https:\/\/baldumarket.lt\/lt\/wp-json\/wp\/v2\/product_brand?post=143780"},{"taxonomy":"product_cat","embeddable":true,"href":"https:\/\/baldumarket.lt\/lt\/wp-json\/wp\/v2\/product_cat?post=143780"},{"taxonomy":"product_tag","embeddable":true,"href":"https:\/\/baldumarket.lt\/lt\/wp-json\/wp\/v2\/product_tag?post=143780"}],"curies":[{"name":"wp","href":"https:\/\/api.w.org\/{rel}","templated":true}]}}