{"id":143762,"date":"2025-12-14T02:10:23","date_gmt":"2025-12-13T23:10:23","guid":{"rendered":"https:\/\/baldumarket.lt\/?post_type=product&#038;p=143762"},"modified":"2026-04-08T16:00:37","modified_gmt":"2026-04-08T13:00:37","slug":"sofa-mustang-skora","status":"publish","type":"product","link":"https:\/\/baldumarket.lt\/lt\/product\/sofa-mustang-skora\/","title":{"rendered":"MUSTANG odin\u0117 sofa"},"content":{"rendered":"<p>\u201eMustang\u201c sofa \u2013 puikus sprendimas i\u0161rankiausiems klientams, kurie nebijo dr\u0105si\u0173 sprendim\u0173 ir ie\u0161ko unikali\u0173 bald\u0173 savo interjerui. Unikalus gro\u017eis ir klasikin\u0117 elegancija derinama su rankomis rai\u017eytais arkliukais. Specifikacijos: \u2013 \u201eBonnell\u201c spyruokl\u0117s, \u2013 Didelio elastingumo putplastis, \u2013 Medinis r\u0117mas, \u2013 Galima \u012fsigyti kampin\u0119 sof\u0105. * Bald\u0173 gamyba pagal u\u017esakym\u0105 \u2013 gamybos laikas: 3\u20136 savait\u0117s.<\/p>","protected":false},"excerpt":{"rendered":"<p>\u201eMustang\u201c sofa \u2013 puikus sprendimas i\u0161rankiausiems klientams, kurie nebijo dr\u0105si\u0173 sprendim\u0173 ir ie\u0161ko unikali\u0173 bald\u0173 savo interjerui. Unikalus gro\u017eis ir klasikin\u0117 elegancija derinama su rankomis rai\u017eytais arkliukais. Specifikacijos: \u2013 Bonnell spyruokl\u0117s, \u2013 Didelio elastingumo putplastis, \u2013 Medinis r\u0117mas, \u2013 Galima kampin\u0117s sofos parinktis. * Baldai gaminami pagal u\u017esakym\u0105 \u2013 [\u2026]<\/p>","protected":false},"featured_media":143790,"comment_status":"open","ping_status":"closed","template":"","meta":[],"product_brand":[],"product_cat":[9374,3450,560],"product_tag":[],"class_list":{"0":"post-143762","1":"product","2":"type-product","3":"status-publish","4":"has-post-thumbnail","6":"product_cat-upholstered-furniture-mustang-pyka","7":"product_cat-meble-pyka","8":"product_cat-sofas-and-couches","10":"first","11":"instock","12":"shipping-taxable","13":"purchasable","14":"product-type-variable","15":"wvs-archive-product-wrapper"},"_links":{"self":[{"href":"https:\/\/baldumarket.lt\/lt\/wp-json\/wp\/v2\/product\/143762","targetHints":{"allow":["GET"]}}],"collection":[{"href":"https:\/\/baldumarket.lt\/lt\/wp-json\/wp\/v2\/product"}],"about":[{"href":"https:\/\/baldumarket.lt\/lt\/wp-json\/wp\/v2\/types\/product"}],"replies":[{"embeddable":true,"href":"https:\/\/baldumarket.lt\/lt\/wp-json\/wp\/v2\/comments?post=143762"}],"wp:featuredmedia":[{"embeddable":true,"href":"https:\/\/baldumarket.lt\/lt\/wp-json\/wp\/v2\/media\/143790"}],"wp:attachment":[{"href":"https:\/\/baldumarket.lt\/lt\/wp-json\/wp\/v2\/media?parent=143762"}],"wp:term":[{"taxonomy":"product_brand","embeddable":true,"href":"https:\/\/baldumarket.lt\/lt\/wp-json\/wp\/v2\/product_brand?post=143762"},{"taxonomy":"product_cat","embeddable":true,"href":"https:\/\/baldumarket.lt\/lt\/wp-json\/wp\/v2\/product_cat?post=143762"},{"taxonomy":"product_tag","embeddable":true,"href":"https:\/\/baldumarket.lt\/lt\/wp-json\/wp\/v2\/product_tag?post=143762"}],"curies":[{"name":"wp","href":"https:\/\/api.w.org\/{rel}","templated":true}]}}