{"id":143760,"date":"2025-12-14T02:10:22","date_gmt":"2025-12-13T23:10:22","guid":{"rendered":"https:\/\/baldumarket.lt\/?post_type=product&#038;p=143760"},"modified":"2026-04-08T16:00:37","modified_gmt":"2026-04-08T13:00:37","slug":"sofa-magnett-tkanina","status":"publish","type":"product","link":"https:\/\/baldumarket.lt\/lt\/product\/sofa-magnett-tkanina\/","title":{"rendered":"MAGNETT Audinio sofa"},"content":{"rendered":"<p>Auk\u0161\u010diausios kokyb\u0117s, moderni \u201eMagnett\u201c sofa sujungia kokyb\u0119 ir komfort\u0105. Ji suteikia galimyb\u0119 \u012frengti patogias poilsio funkcijas, puikiai tinkan\u010dias atsipalaiduoti po ilgos dienos. Specifikacijos: \u2013 \u201eBonnell\u201c spyruokl\u0117s, \u2013 Silikonin\u0117s karoliukai, \u2013 Didelio elastingumo putplastis, \u2013 Galima kampin\u0117s sofos parinktis. * Bald\u0173 gamyba pagal u\u017esakym\u0105 \u2013 gamybos laikas: 3\u20136 savait\u0117s<\/p>","protected":false},"excerpt":{"rendered":"<p>Auk\u0161\u010diausios kokyb\u0117s, moderni \u201eMagnett\u201c sofa sujungia kokyb\u0119 ir komfort\u0105. Ji suteikia galimyb\u0119 \u012frengti patogias poilsio funkcijas, puikiai tinkan\u010dias atsipalaiduoti po ilgos dienos. Specifikacijos: \u2013 \u201eBonnell\u201c spyruokl\u0117s, \u2013 Silikonin\u0117s karoliukai, \u2013 Didelio elastingumo putplastis, \u2013 Galima kampin\u0117s sofos parinktis. * Bald\u0173 gamyba pagal u\u017esakym\u0105 \u2013 gamybos laikas: 3\u20136 savait\u0117s<\/p>","protected":false},"featured_media":143789,"comment_status":"open","ping_status":"closed","template":"","meta":[],"product_brand":[],"product_cat":[9376,3450,560],"product_tag":[],"class_list":{"0":"post-143760","1":"product","2":"type-product","3":"status-publish","4":"has-post-thumbnail","6":"product_cat-magnett-pyka-upholstered-furniture","7":"product_cat-meble-pyka","8":"product_cat-sofas-and-couches","10":"first","11":"instock","12":"shipping-taxable","13":"purchasable","14":"product-type-variable","15":"wvs-archive-product-wrapper"},"_links":{"self":[{"href":"https:\/\/baldumarket.lt\/lt\/wp-json\/wp\/v2\/product\/143760","targetHints":{"allow":["GET"]}}],"collection":[{"href":"https:\/\/baldumarket.lt\/lt\/wp-json\/wp\/v2\/product"}],"about":[{"href":"https:\/\/baldumarket.lt\/lt\/wp-json\/wp\/v2\/types\/product"}],"replies":[{"embeddable":true,"href":"https:\/\/baldumarket.lt\/lt\/wp-json\/wp\/v2\/comments?post=143760"}],"wp:featuredmedia":[{"embeddable":true,"href":"https:\/\/baldumarket.lt\/lt\/wp-json\/wp\/v2\/media\/143789"}],"wp:attachment":[{"href":"https:\/\/baldumarket.lt\/lt\/wp-json\/wp\/v2\/media?parent=143760"}],"wp:term":[{"taxonomy":"product_brand","embeddable":true,"href":"https:\/\/baldumarket.lt\/lt\/wp-json\/wp\/v2\/product_brand?post=143760"},{"taxonomy":"product_cat","embeddable":true,"href":"https:\/\/baldumarket.lt\/lt\/wp-json\/wp\/v2\/product_cat?post=143760"},{"taxonomy":"product_tag","embeddable":true,"href":"https:\/\/baldumarket.lt\/lt\/wp-json\/wp\/v2\/product_tag?post=143760"}],"curies":[{"name":"wp","href":"https:\/\/api.w.org\/{rel}","templated":true}]}}