{"id":143718,"date":"2025-12-14T02:09:21","date_gmt":"2025-12-13T23:09:21","guid":{"rendered":"https:\/\/baldumarket.lt\/?post_type=product&#038;p=143718"},"modified":"2026-02-03T23:36:16","modified_gmt":"2026-02-03T20:36:16","slug":"sofa-etna-ii-tkanina","status":"publish","type":"product","link":"https:\/\/baldumarket.lt\/lt\/product\/sofa-etna-ii-tkanina\/","title":{"rendered":"ETNA II Audinio sofa"},"content":{"rendered":"<p>\u201eEtna II\u201c sofa \u2013 svajoni\u0173 baldas modernaus stiliaus m\u0117g\u0117jams. Ji derina estetik\u0105 ir funkcionalum\u0105. Reguliuojamos galvos atramos \u2013 papildomas privalumas. Specifikacijos: \u2013 Zigzago spyruokl\u0117s, \u2013 Didelio elastingumo putplastis, \u2013 Galima kampin\u0117s sofos variantas, \u2013 Si\u016bl\u0117s, \u2013 Reguliuojamos galvos atramos, \u2013 Sidabrin\u0117s metalin\u0117s kojel\u0117s, * baldai, gaminami pagal u\u017esakym\u0105 \u2013 gamybos laikas: 3\u20136 savait\u0117s.<\/p>","protected":false},"excerpt":{"rendered":"<p>\u201eEtna II\u201c sofa \u2013 svajoni\u0173 baldas modernaus stiliaus m\u0117g\u0117jams. Ji derina estetik\u0105 ir funkcionalum\u0105. Reguliuojamos galvos atramos \u2013 papildomas privalumas. Specifikacijos: \u2013 Zigzago spyruokl\u0117s, \u2013 Didelio elastingumo putplastis, \u2013 Galima kampin\u0117s sofos variantas, \u2013 Si\u016bl\u0117s, \u2013 Reguliuojamos galvos atramos, \u2013 Sidabrin\u0117s metalin\u0117s kojel\u0117s, * baldai, gaminami pagal u\u017esakym\u0105 \u2013 gamybos laikas: 3\u20136 savait\u0117s.<\/p>","protected":false},"featured_media":142245,"comment_status":"open","ping_status":"closed","template":"","meta":[],"product_brand":[],"product_cat":[9365,3450,560],"product_tag":[],"class_list":{"0":"post-143718","1":"product","2":"type-product","3":"status-publish","4":"has-post-thumbnail","6":"product_cat-etna-pyka-upholstered-furniture","7":"product_cat-meble-pyka","8":"product_cat-sofas-and-couches","10":"first","11":"instock","12":"shipping-taxable","13":"purchasable","14":"product-type-variable","15":"wvs-archive-product-wrapper"},"_links":{"self":[{"href":"https:\/\/baldumarket.lt\/lt\/wp-json\/wp\/v2\/product\/143718","targetHints":{"allow":["GET"]}}],"collection":[{"href":"https:\/\/baldumarket.lt\/lt\/wp-json\/wp\/v2\/product"}],"about":[{"href":"https:\/\/baldumarket.lt\/lt\/wp-json\/wp\/v2\/types\/product"}],"replies":[{"embeddable":true,"href":"https:\/\/baldumarket.lt\/lt\/wp-json\/wp\/v2\/comments?post=143718"}],"wp:featuredmedia":[{"embeddable":true,"href":"https:\/\/baldumarket.lt\/lt\/wp-json\/wp\/v2\/media\/142245"}],"wp:attachment":[{"href":"https:\/\/baldumarket.lt\/lt\/wp-json\/wp\/v2\/media?parent=143718"}],"wp:term":[{"taxonomy":"product_brand","embeddable":true,"href":"https:\/\/baldumarket.lt\/lt\/wp-json\/wp\/v2\/product_brand?post=143718"},{"taxonomy":"product_cat","embeddable":true,"href":"https:\/\/baldumarket.lt\/lt\/wp-json\/wp\/v2\/product_cat?post=143718"},{"taxonomy":"product_tag","embeddable":true,"href":"https:\/\/baldumarket.lt\/lt\/wp-json\/wp\/v2\/product_tag?post=143718"}],"curies":[{"name":"wp","href":"https:\/\/api.w.org\/{rel}","templated":true}]}}