{"id":143639,"date":"2025-12-14T02:07:26","date_gmt":"2025-12-13T23:07:26","guid":{"rendered":"https:\/\/baldumarket.lt\/?post_type=product&#038;p=143639"},"modified":"2026-02-03T23:36:19","modified_gmt":"2026-02-03T20:36:19","slug":"pufa-mediolan-tkanina","status":"publish","type":"product","link":"https:\/\/baldumarket.lt\/lt\/product\/pufa-mediolan-tkanina\/","title":{"rendered":"MILANO garso pufas"},"content":{"rendered":"<p>\u201eMilan Pouf\u201c pufas \u2013 tai elegancijos vir\u0161\u016bn\u0117, \u012fk\u016bnyta minimalistiniu dizainu ir moderniais sprendimais. Specifikacijos: \u2013 Zigzago spyruokl\u0117s, \u2013 Didelio elastingumo putplastis, \u2013 Si\u016bl\u0117s, \u2013 Metalin\u0117s kojel\u0117s. * baldai gaminami pagal u\u017esakym\u0105 \u2013 u\u017esakymo gamybos laikas: 3\u20136 savait\u0117s<\/p>","protected":false},"excerpt":{"rendered":"<p>\u201eMilan Pouf\u201c pufas \u2013 tai elegancijos vir\u0161\u016bn\u0117, \u012fk\u016bnyta minimalistiniu dizainu ir moderniais sprendimais. Specifikacijos: \u2013 Zigzago spyruokl\u0117s, \u2013 Didelio elastingumo putplastis, \u2013 Si\u016bl\u0117s, \u2013 Metalin\u0117s kojel\u0117s. * baldai gaminami pagal u\u017esakym\u0105 \u2013 u\u017esakymo gamybos laikas: 3\u20136 savait\u0117s<\/p>","protected":false},"featured_media":143690,"comment_status":"open","ping_status":"closed","template":"","meta":[],"product_brand":[],"product_cat":[3450,826],"product_tag":[],"class_list":{"0":"post-143639","1":"product","2":"type-product","3":"status-publish","4":"has-post-thumbnail","6":"product_cat-meble-pyka","7":"product_cat-poufs","9":"first","10":"instock","11":"shipping-taxable","12":"purchasable","13":"product-type-variable","14":"wvs-archive-product-wrapper"},"_links":{"self":[{"href":"https:\/\/baldumarket.lt\/lt\/wp-json\/wp\/v2\/product\/143639","targetHints":{"allow":["GET"]}}],"collection":[{"href":"https:\/\/baldumarket.lt\/lt\/wp-json\/wp\/v2\/product"}],"about":[{"href":"https:\/\/baldumarket.lt\/lt\/wp-json\/wp\/v2\/types\/product"}],"replies":[{"embeddable":true,"href":"https:\/\/baldumarket.lt\/lt\/wp-json\/wp\/v2\/comments?post=143639"}],"wp:featuredmedia":[{"embeddable":true,"href":"https:\/\/baldumarket.lt\/lt\/wp-json\/wp\/v2\/media\/143690"}],"wp:attachment":[{"href":"https:\/\/baldumarket.lt\/lt\/wp-json\/wp\/v2\/media?parent=143639"}],"wp:term":[{"taxonomy":"product_brand","embeddable":true,"href":"https:\/\/baldumarket.lt\/lt\/wp-json\/wp\/v2\/product_brand?post=143639"},{"taxonomy":"product_cat","embeddable":true,"href":"https:\/\/baldumarket.lt\/lt\/wp-json\/wp\/v2\/product_cat?post=143639"},{"taxonomy":"product_tag","embeddable":true,"href":"https:\/\/baldumarket.lt\/lt\/wp-json\/wp\/v2\/product_tag?post=143639"}],"curies":[{"name":"wp","href":"https:\/\/api.w.org\/{rel}","templated":true}]}}