{"id":143633,"date":"2025-12-14T02:07:24","date_gmt":"2025-12-13T23:07:24","guid":{"rendered":"https:\/\/baldumarket.lt\/?post_type=product&#038;p=143633"},"modified":"2026-02-03T23:36:19","modified_gmt":"2026-02-03T20:36:19","slug":"pufa-luis-skora-naturalna","status":"publish","type":"product","link":"https:\/\/baldumarket.lt\/lt\/product\/pufa-luis-skora-naturalna\/","title":{"rendered":"LUIS pufas, nat\u016brali oda"},"content":{"rendered":"<p>\u201eLuis\u201c pufas, d\u0117l savo apvalios formos, derina vizualin\u012f patrauklum\u0105 ir prakti\u0161kum\u0105, ypa\u010d ma\u017eose erdv\u0117se. Jis puikiai der\u0117s prie \u0161i\u0173 met\u0173 interjero dizaino tendencij\u0173. Specifikacijos: \u2013 Zigzago spyruokl\u0117s, \u2013 Didelio elastingumo putplastis. * Bald\u0173 gamyba pagal u\u017esakym\u0105 \u2013 u\u017esakymo atlikimo laikas: 4\u20136 savait\u0117s<\/p>","protected":false},"excerpt":{"rendered":"<p>\u201eLuis\u201c pufas, d\u0117l savo apvalios formos, derina vizualin\u012f patrauklum\u0105 ir prakti\u0161kum\u0105, ypa\u010d ma\u017eose erdv\u0117se. Jis puikiai der\u0117s prie \u0161i\u0173 met\u0173 interjero dizaino tendencij\u0173. Specifikacijos: \u2013 Zigzago spyruokl\u0117s, \u2013 Didelio elastingumo putplastis. * Bald\u0173 gamyba pagal u\u017esakym\u0105 \u2013 u\u017esakymo atlikimo laikas: 4\u20136 savait\u0117s<\/p>","protected":false},"featured_media":143673,"comment_status":"open","ping_status":"closed","template":"","meta":[],"product_brand":[],"product_cat":[9380,3450,826],"product_tag":[],"class_list":{"0":"post-143633","1":"product","2":"type-product","3":"status-publish","4":"has-post-thumbnail","6":"product_cat-furniture-system-natura","7":"product_cat-meble-pyka","8":"product_cat-poufs","10":"first","11":"instock","12":"shipping-taxable","13":"purchasable","14":"product-type-variable","15":"wvs-archive-product-wrapper"},"_links":{"self":[{"href":"https:\/\/baldumarket.lt\/lt\/wp-json\/wp\/v2\/product\/143633","targetHints":{"allow":["GET"]}}],"collection":[{"href":"https:\/\/baldumarket.lt\/lt\/wp-json\/wp\/v2\/product"}],"about":[{"href":"https:\/\/baldumarket.lt\/lt\/wp-json\/wp\/v2\/types\/product"}],"replies":[{"embeddable":true,"href":"https:\/\/baldumarket.lt\/lt\/wp-json\/wp\/v2\/comments?post=143633"}],"wp:featuredmedia":[{"embeddable":true,"href":"https:\/\/baldumarket.lt\/lt\/wp-json\/wp\/v2\/media\/143673"}],"wp:attachment":[{"href":"https:\/\/baldumarket.lt\/lt\/wp-json\/wp\/v2\/media?parent=143633"}],"wp:term":[{"taxonomy":"product_brand","embeddable":true,"href":"https:\/\/baldumarket.lt\/lt\/wp-json\/wp\/v2\/product_brand?post=143633"},{"taxonomy":"product_cat","embeddable":true,"href":"https:\/\/baldumarket.lt\/lt\/wp-json\/wp\/v2\/product_cat?post=143633"},{"taxonomy":"product_tag","embeddable":true,"href":"https:\/\/baldumarket.lt\/lt\/wp-json\/wp\/v2\/product_tag?post=143633"}],"curies":[{"name":"wp","href":"https:\/\/api.w.org\/{rel}","templated":true}]}}