{"id":143627,"date":"2025-12-14T02:07:00","date_gmt":"2025-12-13T23:07:00","guid":{"rendered":"https:\/\/baldumarket.lt\/?post_type=product&#038;p=143627"},"modified":"2026-04-08T16:00:17","modified_gmt":"2026-04-08T13:00:17","slug":"pufa-ludwig-tkanina","status":"publish","type":"product","link":"https:\/\/baldumarket.lt\/lt\/product\/pufa-ludwig-tkanina\/","title":{"rendered":"LUDWIG garso pufas"},"content":{"rendered":"<p>\u201eLudwig\u201c pufas \u2013 unikalus modelis ie\u0161kantiems Liudviko stiliaus bald\u0173. I\u0161skirtinis jo bruo\u017eas \u2013 auk\u0161tos medin\u0117s kojel\u0117s, suteikian\u010dios lengvumo. Specifikacijos: \u2013 Labai elastingi dir\u017eeliai, \u2013 Labai atsparus HR putplastis, \u2013 Medin\u0117s kojel\u0117s. * Baldai gaminami pagal u\u017esakym\u0105 \u2013 u\u017esakymo \u012fvykdymo laikas \u2013 3\u20136 savait\u0117s.<\/p>","protected":false},"excerpt":{"rendered":"<p>\u201eLudwig\u201c pufas \u2013 unikalus modelis ie\u0161kantiems Liudviko stiliaus bald\u0173. I\u0161skirtinis jo bruo\u017eas \u2013 auk\u0161tos medin\u0117s kojel\u0117s, suteikian\u010dios lengvumo. Specifikacijos: \u2013 Labai elastingi dir\u017eeliai, \u2013 Labai atsparus HR putplastis, \u2013 Medin\u0117s kojel\u0117s. * Baldai gaminami pagal u\u017esakym\u0105 \u2013 u\u017esakymo \u012fvykdymo laikas \u2013 3\u20136 savait\u0117s.<\/p>","protected":false},"featured_media":143670,"comment_status":"open","ping_status":"closed","template":"","meta":[],"product_brand":[],"product_cat":[9373,3450,826],"product_tag":[],"class_list":{"0":"post-143627","1":"product","2":"type-product","3":"status-publish","4":"has-post-thumbnail","6":"product_cat-ludwig-pyka-upholstered-furniture","7":"product_cat-meble-pyka","8":"product_cat-poufs","10":"first","11":"instock","12":"shipping-taxable","13":"purchasable","14":"product-type-variable","15":"wvs-archive-product-wrapper"},"_links":{"self":[{"href":"https:\/\/baldumarket.lt\/lt\/wp-json\/wp\/v2\/product\/143627","targetHints":{"allow":["GET"]}}],"collection":[{"href":"https:\/\/baldumarket.lt\/lt\/wp-json\/wp\/v2\/product"}],"about":[{"href":"https:\/\/baldumarket.lt\/lt\/wp-json\/wp\/v2\/types\/product"}],"replies":[{"embeddable":true,"href":"https:\/\/baldumarket.lt\/lt\/wp-json\/wp\/v2\/comments?post=143627"}],"wp:featuredmedia":[{"embeddable":true,"href":"https:\/\/baldumarket.lt\/lt\/wp-json\/wp\/v2\/media\/143670"}],"wp:attachment":[{"href":"https:\/\/baldumarket.lt\/lt\/wp-json\/wp\/v2\/media?parent=143627"}],"wp:term":[{"taxonomy":"product_brand","embeddable":true,"href":"https:\/\/baldumarket.lt\/lt\/wp-json\/wp\/v2\/product_brand?post=143627"},{"taxonomy":"product_cat","embeddable":true,"href":"https:\/\/baldumarket.lt\/lt\/wp-json\/wp\/v2\/product_cat?post=143627"},{"taxonomy":"product_tag","embeddable":true,"href":"https:\/\/baldumarket.lt\/lt\/wp-json\/wp\/v2\/product_tag?post=143627"}],"curies":[{"name":"wp","href":"https:\/\/api.w.org\/{rel}","templated":true}]}}