{"id":143605,"date":"2025-12-14T02:06:29","date_gmt":"2025-12-13T23:06:29","guid":{"rendered":"https:\/\/baldumarket.lt\/?post_type=product&#038;p=143605"},"modified":"2026-02-03T23:36:19","modified_gmt":"2026-02-03T20:36:19","slug":"pufa-genua-skora","status":"publish","type":"product","link":"https:\/\/baldumarket.lt\/lt\/product\/pufa-genua-skora\/","title":{"rendered":"GENOA odinis pufas"},"content":{"rendered":"<p>Eleganti\u0161kas, apvalus \u201eGenua\u201c pufas puikiai tiks, ypa\u010d moderniu stiliumi dekoruotuose kambariuose, bet ne tik. Klasikin\u0117, apvali forma papildys bet kok\u012f interjero dizain\u0105. Apvalus pufas puikiai papildys svetain\u0119, miegam\u0105j\u012f ar biur\u0105, taip pat puikiai tiks kaip s\u0117dima vieta \u2013 pufas prie drabu\u017ei\u0173 spintos. Specifikacijos: \u2013 Didelio elastingumo putplastis, \u2013 Dekoratyviniai apvadai. * Bald\u0173 gamyba pagal u\u017esakym\u0105 \u2013 u\u017esakymo laikas: 3\u20136 savait\u0117s<\/p>","protected":false},"excerpt":{"rendered":"<p>Eleganti\u0161kas, apvalus \u201eGenua\u201c pufas puikiai tiks, ypa\u010d moderniu stiliumi dekoruotuose kambariuose, bet ne tik. Jo klasikin\u0117, apvali forma papildys bet kok\u012f interjero dizain\u0105. Apvalus pufas puikiai papildys svetain\u0119, miegam\u0105j\u012f ar biur\u0105, o taip pat puikiai tiks kaip s\u0117dima vieta \u2013 pufas [\u2026]<\/p>","protected":false},"featured_media":143654,"comment_status":"open","ping_status":"closed","template":"","meta":[],"product_brand":[],"product_cat":[3450,826],"product_tag":[],"class_list":{"0":"post-143605","1":"product","2":"type-product","3":"status-publish","4":"has-post-thumbnail","6":"product_cat-meble-pyka","7":"product_cat-poufs","9":"first","10":"instock","11":"shipping-taxable","12":"purchasable","13":"product-type-variable","14":"wvs-archive-product-wrapper"},"_links":{"self":[{"href":"https:\/\/baldumarket.lt\/lt\/wp-json\/wp\/v2\/product\/143605","targetHints":{"allow":["GET"]}}],"collection":[{"href":"https:\/\/baldumarket.lt\/lt\/wp-json\/wp\/v2\/product"}],"about":[{"href":"https:\/\/baldumarket.lt\/lt\/wp-json\/wp\/v2\/types\/product"}],"replies":[{"embeddable":true,"href":"https:\/\/baldumarket.lt\/lt\/wp-json\/wp\/v2\/comments?post=143605"}],"wp:featuredmedia":[{"embeddable":true,"href":"https:\/\/baldumarket.lt\/lt\/wp-json\/wp\/v2\/media\/143654"}],"wp:attachment":[{"href":"https:\/\/baldumarket.lt\/lt\/wp-json\/wp\/v2\/media?parent=143605"}],"wp:term":[{"taxonomy":"product_brand","embeddable":true,"href":"https:\/\/baldumarket.lt\/lt\/wp-json\/wp\/v2\/product_brand?post=143605"},{"taxonomy":"product_cat","embeddable":true,"href":"https:\/\/baldumarket.lt\/lt\/wp-json\/wp\/v2\/product_cat?post=143605"},{"taxonomy":"product_tag","embeddable":true,"href":"https:\/\/baldumarket.lt\/lt\/wp-json\/wp\/v2\/product_tag?post=143605"}],"curies":[{"name":"wp","href":"https:\/\/api.w.org\/{rel}","templated":true}]}}