{"id":143597,"date":"2025-12-14T02:06:26","date_gmt":"2025-12-13T23:06:26","guid":{"rendered":"https:\/\/baldumarket.lt\/?post_type=product&#038;p=143597"},"modified":"2026-02-03T23:36:20","modified_gmt":"2026-02-03T20:36:20","slug":"pufa-como-skora","status":"publish","type":"product","link":"https:\/\/baldumarket.lt\/lt\/product\/pufa-como-skora\/","title":{"rendered":"COMO odinis pufas"},"content":{"rendered":"<p>\u201eComo\u201c pufas \u2013 tai baldas tiems, kurie ie\u0161ko modernaus ir eleganti\u0161ko interjero papildymo. Auk\u0161tos juodos kojel\u0117s suteikia lengvumo ir unikalios i\u0161vaizdos. Specifikacijos: \u2013 Zigzago spyruokl\u0117s, \u2013 Didelio elastingumo putplastis, \u2013 Juodos metalin\u0117s kojel\u0117s. * Bald\u0173 gamyba pagal u\u017esakym\u0105 \u2013 u\u017esakymo atlikimo laikas: 4\u20136 savait\u0117s<\/p>","protected":false},"excerpt":{"rendered":"<p>\u201eComo\u201c pufas \u2013 tai baldas tiems, kurie ie\u0161ko modernaus ir eleganti\u0161ko interjero papildymo. Auk\u0161tos juodos kojel\u0117s suteikia lengvumo ir unikalios i\u0161vaizdos. Specifikacijos: \u2013 Zigzago spyruokl\u0117s, \u2013 Didelio elastingumo putplastis, \u2013 Juodos metalin\u0117s kojel\u0117s. * Bald\u0173 gamyba pagal u\u017esakym\u0105 \u2013 u\u017esakymo atlikimo laikas: 4\u20136 savait\u0117s<\/p>","protected":false},"featured_media":143630,"comment_status":"open","ping_status":"closed","template":"","meta":[],"product_brand":[],"product_cat":[3450,826],"product_tag":[],"class_list":{"0":"post-143597","1":"product","2":"type-product","3":"status-publish","4":"has-post-thumbnail","6":"product_cat-meble-pyka","7":"product_cat-poufs","9":"first","10":"instock","11":"shipping-taxable","12":"purchasable","13":"product-type-variable","14":"wvs-archive-product-wrapper"},"_links":{"self":[{"href":"https:\/\/baldumarket.lt\/lt\/wp-json\/wp\/v2\/product\/143597","targetHints":{"allow":["GET"]}}],"collection":[{"href":"https:\/\/baldumarket.lt\/lt\/wp-json\/wp\/v2\/product"}],"about":[{"href":"https:\/\/baldumarket.lt\/lt\/wp-json\/wp\/v2\/types\/product"}],"replies":[{"embeddable":true,"href":"https:\/\/baldumarket.lt\/lt\/wp-json\/wp\/v2\/comments?post=143597"}],"wp:featuredmedia":[{"embeddable":true,"href":"https:\/\/baldumarket.lt\/lt\/wp-json\/wp\/v2\/media\/143630"}],"wp:attachment":[{"href":"https:\/\/baldumarket.lt\/lt\/wp-json\/wp\/v2\/media?parent=143597"}],"wp:term":[{"taxonomy":"product_brand","embeddable":true,"href":"https:\/\/baldumarket.lt\/lt\/wp-json\/wp\/v2\/product_brand?post=143597"},{"taxonomy":"product_cat","embeddable":true,"href":"https:\/\/baldumarket.lt\/lt\/wp-json\/wp\/v2\/product_cat?post=143597"},{"taxonomy":"product_tag","embeddable":true,"href":"https:\/\/baldumarket.lt\/lt\/wp-json\/wp\/v2\/product_tag?post=143597"}],"curies":[{"name":"wp","href":"https:\/\/api.w.org\/{rel}","templated":true}]}}