{"id":143593,"date":"2025-12-14T02:06:24","date_gmt":"2025-12-13T23:06:24","guid":{"rendered":"https:\/\/baldumarket.lt\/?post_type=product&#038;p=143593"},"modified":"2026-02-03T23:36:20","modified_gmt":"2026-02-03T20:36:20","slug":"pufa-cheverny-skora","status":"publish","type":"product","link":"https:\/\/baldumarket.lt\/lt\/product\/pufa-cheverny-skora\/","title":{"rendered":"CHEVERNY odinis pufas"},"content":{"rendered":"<p>Stilingas \u201eCheverny\u201c pufas, pagamintas i\u0161 \u0105\u017euolo, derinto su nat\u016bralia oda arba audiniu, puikiai papildo m\u016bs\u0173 si\u016blomus stilingus komplektus.* Baldai gaminami pagal u\u017esakym\u0105 \u2013 u\u017esakymo \u012fvykdymo laikas yra 3\u20136 savait\u0117s.<\/p>","protected":false},"excerpt":{"rendered":"<p>Stilingas \u201eCheverny\u201c pufas, pagamintas i\u0161 \u0105\u017euolo, derinto su nat\u016bralia oda arba audiniu, puikiai papildo m\u016bs\u0173 si\u016blomus stilingus komplektus.* Baldai gaminami pagal u\u017esakym\u0105 \u2013 u\u017esakymo \u012fvykdymo laikas yra 3\u20136 savait\u0117s.<\/p>","protected":false},"featured_media":143629,"comment_status":"open","ping_status":"closed","template":"","meta":[],"product_brand":[],"product_cat":[3450,826],"product_tag":[],"class_list":{"0":"post-143593","1":"product","2":"type-product","3":"status-publish","4":"has-post-thumbnail","6":"product_cat-meble-pyka","7":"product_cat-poufs","9":"first","10":"instock","11":"shipping-taxable","12":"purchasable","13":"product-type-variable","14":"wvs-archive-product-wrapper"},"_links":{"self":[{"href":"https:\/\/baldumarket.lt\/lt\/wp-json\/wp\/v2\/product\/143593","targetHints":{"allow":["GET"]}}],"collection":[{"href":"https:\/\/baldumarket.lt\/lt\/wp-json\/wp\/v2\/product"}],"about":[{"href":"https:\/\/baldumarket.lt\/lt\/wp-json\/wp\/v2\/types\/product"}],"replies":[{"embeddable":true,"href":"https:\/\/baldumarket.lt\/lt\/wp-json\/wp\/v2\/comments?post=143593"}],"wp:featuredmedia":[{"embeddable":true,"href":"https:\/\/baldumarket.lt\/lt\/wp-json\/wp\/v2\/media\/143629"}],"wp:attachment":[{"href":"https:\/\/baldumarket.lt\/lt\/wp-json\/wp\/v2\/media?parent=143593"}],"wp:term":[{"taxonomy":"product_brand","embeddable":true,"href":"https:\/\/baldumarket.lt\/lt\/wp-json\/wp\/v2\/product_brand?post=143593"},{"taxonomy":"product_cat","embeddable":true,"href":"https:\/\/baldumarket.lt\/lt\/wp-json\/wp\/v2\/product_cat?post=143593"},{"taxonomy":"product_tag","embeddable":true,"href":"https:\/\/baldumarket.lt\/lt\/wp-json\/wp\/v2\/product_tag?post=143593"}],"curies":[{"name":"wp","href":"https:\/\/api.w.org\/{rel}","templated":true}]}}