{"id":143591,"date":"2025-12-14T02:06:24","date_gmt":"2025-12-13T23:06:24","guid":{"rendered":"https:\/\/baldumarket.lt\/?post_type=product&#038;p=143591"},"modified":"2026-04-08T16:00:17","modified_gmt":"2026-04-08T13:00:17","slug":"pufa-chesterfield-tkanina","status":"publish","type":"product","link":"https:\/\/baldumarket.lt\/lt\/product\/pufa-chesterfield-tkanina\/","title":{"rendered":"\u010cESTERFIELDO garso pufas"},"content":{"rendered":"<p>* baldai gaminami pagal individual\u0173 u\u017esakym\u0105 \u2013 u\u017esakymo \u012fvykdymo laikas nuo 4 iki 6 savai\u010di\u0173<\/p>","protected":false},"excerpt":{"rendered":"<p>* baldai gaminami pagal individual\u0173 u\u017esakym\u0105 \u2013 u\u017esakymo \u012fvykdymo laikas nuo 4 iki 6 savai\u010di\u0173<\/p>","protected":false},"featured_media":143628,"comment_status":"open","ping_status":"closed","template":"","meta":[],"product_brand":[],"product_cat":[9357,3450,826],"product_tag":[],"class_list":{"0":"post-143591","1":"product","2":"type-product","3":"status-publish","4":"has-post-thumbnail","6":"product_cat-chesterfield-pyka-upholstered-furniture","7":"product_cat-meble-pyka","8":"product_cat-poufs","10":"first","11":"instock","12":"shipping-taxable","13":"purchasable","14":"product-type-variable","15":"wvs-archive-product-wrapper"},"_links":{"self":[{"href":"https:\/\/baldumarket.lt\/lt\/wp-json\/wp\/v2\/product\/143591","targetHints":{"allow":["GET"]}}],"collection":[{"href":"https:\/\/baldumarket.lt\/lt\/wp-json\/wp\/v2\/product"}],"about":[{"href":"https:\/\/baldumarket.lt\/lt\/wp-json\/wp\/v2\/types\/product"}],"replies":[{"embeddable":true,"href":"https:\/\/baldumarket.lt\/lt\/wp-json\/wp\/v2\/comments?post=143591"}],"wp:featuredmedia":[{"embeddable":true,"href":"https:\/\/baldumarket.lt\/lt\/wp-json\/wp\/v2\/media\/143628"}],"wp:attachment":[{"href":"https:\/\/baldumarket.lt\/lt\/wp-json\/wp\/v2\/media?parent=143591"}],"wp:term":[{"taxonomy":"product_brand","embeddable":true,"href":"https:\/\/baldumarket.lt\/lt\/wp-json\/wp\/v2\/product_brand?post=143591"},{"taxonomy":"product_cat","embeddable":true,"href":"https:\/\/baldumarket.lt\/lt\/wp-json\/wp\/v2\/product_cat?post=143591"},{"taxonomy":"product_tag","embeddable":true,"href":"https:\/\/baldumarket.lt\/lt\/wp-json\/wp\/v2\/product_tag?post=143591"}],"curies":[{"name":"wp","href":"https:\/\/api.w.org\/{rel}","templated":true}]}}