{"id":143510,"date":"2025-12-14T02:04:24","date_gmt":"2025-12-13T23:04:24","guid":{"rendered":"https:\/\/baldumarket.lt\/?post_type=product&#038;p=143510"},"modified":"2026-02-03T23:36:22","modified_gmt":"2026-02-03T20:36:22","slug":"naroznik-yardek-tkanina-225x170","status":"publish","type":"product","link":"https:\/\/baldumarket.lt\/lt\/product\/naroznik-yardek-tkanina-225x170\/","title":{"rendered":"YARDEK kampin\u0117 sofa, audinys, 225\u00d7170"},"content":{"rendered":"<p>Kampin\u0117 sofa \u201eYardek\u201c pasi\u017eymi unikaliu dizainu. D\u0117l savo i\u0161vaizdos ji idealiai tinka paprastiems ir ma\u017eiems interjerams. Paprastumas ir subtilios si\u016bl\u0117s suteikia \u017eavesio. Ji puikiai der\u0117s prie stiling\u0173, tiek \u0161iuolaikini\u0173, tiek moderni\u0173 interjer\u0173. Specifikacijos: \u2013 Bonnell spyruokl\u0117s, \u2013 Miegojimo funkcija, \u2013 Patalyn\u0117s laikymo vieta. * Baldai pagal u\u017esakym\u0105 \u2013 u\u017esakymo atlikimo laikas: 3\u20136 savait\u0117s<\/p>","protected":false},"excerpt":{"rendered":"<p>Kampin\u0117 sofa \u201eYardek\u201c pasi\u017eymi unikaliu dizainu. D\u0117l savo i\u0161vaizdos ji idealiai tinka paprastiems ir ma\u017eiems interjerams. Paprastumas ir subtilios si\u016bl\u0117s suteikia \u017eavesio. Ji puikiai der\u0117s prie stiling\u0173, tiek \u0161iuolaikini\u0173, tiek moderni\u0173 interjer\u0173. Specifikacijos: \u2013 Bonnell spyruokl\u0117s, \u2013 Miegojimo funkcija, \u2013 Patalyn\u0117s skyrius. * Baldai pagal u\u017esakym\u0105 \u2013 u\u017esakymo laikas nuo 3 iki [\u2026]<\/p>","protected":false},"featured_media":143538,"comment_status":"open","ping_status":"closed","template":"","meta":[],"product_brand":[],"product_cat":[9384,616,1983,3450],"product_tag":[],"class_list":{"0":"post-143510","1":"product","2":"type-product","3":"status-publish","4":"has-post-thumbnail","6":"product_cat-corner-sofas-pyka","7":"product_cat-corners","8":"product_cat-corners-l","9":"product_cat-meble-pyka","11":"first","12":"instock","13":"shipping-taxable","14":"purchasable","15":"product-type-variable","16":"wvs-archive-product-wrapper"},"_links":{"self":[{"href":"https:\/\/baldumarket.lt\/lt\/wp-json\/wp\/v2\/product\/143510","targetHints":{"allow":["GET"]}}],"collection":[{"href":"https:\/\/baldumarket.lt\/lt\/wp-json\/wp\/v2\/product"}],"about":[{"href":"https:\/\/baldumarket.lt\/lt\/wp-json\/wp\/v2\/types\/product"}],"replies":[{"embeddable":true,"href":"https:\/\/baldumarket.lt\/lt\/wp-json\/wp\/v2\/comments?post=143510"}],"wp:featuredmedia":[{"embeddable":true,"href":"https:\/\/baldumarket.lt\/lt\/wp-json\/wp\/v2\/media\/143538"}],"wp:attachment":[{"href":"https:\/\/baldumarket.lt\/lt\/wp-json\/wp\/v2\/media?parent=143510"}],"wp:term":[{"taxonomy":"product_brand","embeddable":true,"href":"https:\/\/baldumarket.lt\/lt\/wp-json\/wp\/v2\/product_brand?post=143510"},{"taxonomy":"product_cat","embeddable":true,"href":"https:\/\/baldumarket.lt\/lt\/wp-json\/wp\/v2\/product_cat?post=143510"},{"taxonomy":"product_tag","embeddable":true,"href":"https:\/\/baldumarket.lt\/lt\/wp-json\/wp\/v2\/product_tag?post=143510"}],"curies":[{"name":"wp","href":"https:\/\/api.w.org\/{rel}","templated":true}]}}