{"id":143480,"date":"2025-12-14T02:03:34","date_gmt":"2025-12-13T23:03:34","guid":{"rendered":"https:\/\/baldumarket.lt\/?post_type=product&#038;p=143480"},"modified":"2026-02-03T23:36:23","modified_gmt":"2026-02-03T20:36:23","slug":"naroznik-venecja-skora-220x306","status":"publish","type":"product","link":"https:\/\/baldumarket.lt\/lt\/product\/naroznik-venecja-skora-220x306\/","title":{"rendered":"VENECJA kampin\u0117 sofa, odin\u0117, 220&#215;306"},"content":{"rendered":"<p>Kampin\u0117 sofa \u201eVenecja\u201c su elektrine miegojimo funkcija \u2013 tai modernus baldas, puikiai tiksiantis didelei svetainei. Dekoratyvin\u0117s si\u016bl\u0117s ant s\u0117dyn\u0117s \u2013 papildomas privalumas. Specifikacijos: \u2013 Zigzago spyruokl\u0117s, \u2013 Didelio elastingumo porolonas, \u2013 Elektrin\u0117 miegojimo funkcija, \u2013 Si\u016bl\u0117s, \u2013 Palaidos atlo\u0161o pagalv\u0117l\u0117s, \u2013 Metalin\u0117s kojel\u0117s. * baldai, gaminami pagal u\u017esakym\u0105 \u2013 u\u017esakymo laikas: 3\u20136 savait\u0117s,<\/p>","protected":false},"excerpt":{"rendered":"<p>Kampin\u0117 sofa \u201eVenecja\u201c su elektrine miegojimo funkcija \u2013 tai modernus baldas, puikiai tiksiantis didelei svetainei. Dekoratyvin\u0117s si\u016bl\u0117s ant s\u0117dyn\u0117s \u2013 papildomas privalumas. Specifikacijos: \u2013 Zigzago spyruokl\u0117s, \u2013 Didelio elastingumo porolonas, \u2013 Elektrin\u0117 miegojimo funkcija, \u2013 Si\u016bl\u0117s, \u2013 Laisvai pastatomos atlo\u0161o pagalv\u0117l\u0117s, \u2013 Metalin\u0117s kojel\u0117s. * pagaminta pagal u\u017esakym\u0105 [\u2026]<\/p>","protected":false},"featured_media":143536,"comment_status":"open","ping_status":"closed","template":"","meta":[],"product_brand":[],"product_cat":[9384,616,1983,3450],"product_tag":[],"class_list":{"0":"post-143480","1":"product","2":"type-product","3":"status-publish","4":"has-post-thumbnail","6":"product_cat-corner-sofas-pyka","7":"product_cat-corners","8":"product_cat-corners-l","9":"product_cat-meble-pyka","11":"first","12":"instock","13":"shipping-taxable","14":"purchasable","15":"product-type-variable","16":"wvs-archive-product-wrapper"},"_links":{"self":[{"href":"https:\/\/baldumarket.lt\/lt\/wp-json\/wp\/v2\/product\/143480","targetHints":{"allow":["GET"]}}],"collection":[{"href":"https:\/\/baldumarket.lt\/lt\/wp-json\/wp\/v2\/product"}],"about":[{"href":"https:\/\/baldumarket.lt\/lt\/wp-json\/wp\/v2\/types\/product"}],"replies":[{"embeddable":true,"href":"https:\/\/baldumarket.lt\/lt\/wp-json\/wp\/v2\/comments?post=143480"}],"wp:featuredmedia":[{"embeddable":true,"href":"https:\/\/baldumarket.lt\/lt\/wp-json\/wp\/v2\/media\/143536"}],"wp:attachment":[{"href":"https:\/\/baldumarket.lt\/lt\/wp-json\/wp\/v2\/media?parent=143480"}],"wp:term":[{"taxonomy":"product_brand","embeddable":true,"href":"https:\/\/baldumarket.lt\/lt\/wp-json\/wp\/v2\/product_brand?post=143480"},{"taxonomy":"product_cat","embeddable":true,"href":"https:\/\/baldumarket.lt\/lt\/wp-json\/wp\/v2\/product_cat?post=143480"},{"taxonomy":"product_tag","embeddable":true,"href":"https:\/\/baldumarket.lt\/lt\/wp-json\/wp\/v2\/product_tag?post=143480"}],"curies":[{"name":"wp","href":"https:\/\/api.w.org\/{rel}","templated":true}]}}