{"id":143478,"date":"2025-12-14T02:03:33","date_gmt":"2025-12-13T23:03:33","guid":{"rendered":"https:\/\/baldumarket.lt\/?post_type=product&#038;p=143478"},"modified":"2026-02-03T23:36:23","modified_gmt":"2026-02-03T20:36:23","slug":"naroznik-venecja-307x220-agmaminto-element-09","status":"publish","type":"product","link":"https:\/\/baldumarket.lt\/lt\/product\/naroznik-venecja-307x220-agmaminto-element-09\/","title":{"rendered":"Kampin\u0117 sofa VENECJA 307&#215;220 Agmaminto Element 09"},"content":{"rendered":"<p>Kampin\u0117 sofa \u201eVenecja\u201c \u2013 tai unikalus baldas, kuris neabejotinai pateisins j\u016bs\u0173 l\u016bkes\u010dius ir garantuos maksimal\u0173 komfort\u0105. Papildomas privalumas \u2013 miegojimo funkcija, kuri\u0105 galima reguliuoti elektra. Specifikacijos: - kavalerin\u0117 spyruokl\u0117, - didelio elastingumo putplastis, - elektrin\u0117 miegojimo funkcija, - si\u016bl\u0117s, - laisvai nuimamos nugaros pagalv\u0117l\u0117s, - metalin\u0117s kojel\u0117s.<\/p>","protected":false},"excerpt":{"rendered":"<p>Kampin\u0117 sofa \u201eVenecja\u201c \u2013 tai unikalus baldas, kuris neabejotinai pateisins j\u016bs\u0173 l\u016bkes\u010dius ir garantuos maksimal\u0173 komfort\u0105. Papildomas privalumas \u2013 miegojimo funkcija, kuri\u0105 galima reguliuoti elektra. Specifikacijos: - kavalerin\u0117 spyruokl\u0117, - didelio elastingumo putplastis, - elektrin\u0117 miegojimo funkcija, - si\u016bl\u0117s, - laisvai nuimamos nugaros pagalv\u0117l\u0117s, - metalin\u0117s kojel\u0117s.<\/p>","protected":false},"featured_media":143526,"comment_status":"open","ping_status":"closed","template":"","meta":[],"product_brand":[],"product_cat":[9384,616,1983,3450],"product_tag":[],"class_list":{"0":"post-143478","1":"product","2":"type-product","3":"status-publish","4":"has-post-thumbnail","6":"product_cat-corner-sofas-pyka","7":"product_cat-corners","8":"product_cat-corners-l","9":"product_cat-meble-pyka","11":"first","12":"instock","13":"shipping-taxable","14":"purchasable","15":"product-type-variable","16":"wvs-archive-product-wrapper"},"_links":{"self":[{"href":"https:\/\/baldumarket.lt\/lt\/wp-json\/wp\/v2\/product\/143478","targetHints":{"allow":["GET"]}}],"collection":[{"href":"https:\/\/baldumarket.lt\/lt\/wp-json\/wp\/v2\/product"}],"about":[{"href":"https:\/\/baldumarket.lt\/lt\/wp-json\/wp\/v2\/types\/product"}],"replies":[{"embeddable":true,"href":"https:\/\/baldumarket.lt\/lt\/wp-json\/wp\/v2\/comments?post=143478"}],"wp:featuredmedia":[{"embeddable":true,"href":"https:\/\/baldumarket.lt\/lt\/wp-json\/wp\/v2\/media\/143526"}],"wp:attachment":[{"href":"https:\/\/baldumarket.lt\/lt\/wp-json\/wp\/v2\/media?parent=143478"}],"wp:term":[{"taxonomy":"product_brand","embeddable":true,"href":"https:\/\/baldumarket.lt\/lt\/wp-json\/wp\/v2\/product_brand?post=143478"},{"taxonomy":"product_cat","embeddable":true,"href":"https:\/\/baldumarket.lt\/lt\/wp-json\/wp\/v2\/product_cat?post=143478"},{"taxonomy":"product_tag","embeddable":true,"href":"https:\/\/baldumarket.lt\/lt\/wp-json\/wp\/v2\/product_tag?post=143478"}],"curies":[{"name":"wp","href":"https:\/\/api.w.org\/{rel}","templated":true}]}}