{"id":143476,"date":"2025-12-14T02:03:33","date_gmt":"2025-12-13T23:03:33","guid":{"rendered":"https:\/\/baldumarket.lt\/?post_type=product&#038;p=143476"},"modified":"2026-02-03T23:36:23","modified_gmt":"2026-02-03T20:36:23","slug":"naroznik-venecja-306x217-agmamito-element-20","status":"publish","type":"product","link":"https:\/\/baldumarket.lt\/lt\/product\/naroznik-venecja-306x217-agmamito-element-20\/","title":{"rendered":"Kampin\u0117 sofa VENECJA 306&#215;217 Agmamito Element 20"},"content":{"rendered":"<p>Kampin\u0117 sofa \u201eVenecja\u201c \u2013 tai unikalus baldas, kuris neabejotinai pateisins j\u016bs\u0173 l\u016bkes\u010dius ir garantuos maksimal\u0173 komfort\u0105. Papildomas privalumas \u2013 elektra valdoma miegojimo funkcija. Specifikacijos: - Kavalerin\u0117s spyruokl\u0117s, - Didelio elastingumo putos, - Elektrin\u0117 miegojimo funkcija, - Si\u016bl\u0117s, - Laisvai nuimamos nugaros pagalv\u0117l\u0117s, - Metalin\u0117s kojel\u0117s.<\/p>","protected":false},"excerpt":{"rendered":"<p>Kampin\u0117 sofa \u201eVenecja\u201c \u2013 tai unikalus baldas, kuris neabejotinai pateisins j\u016bs\u0173 l\u016bkes\u010dius ir garantuos maksimal\u0173 komfort\u0105. Papildomas privalumas \u2013 elektra valdoma miegojimo funkcija. Specifikacijos: - Kavalerin\u0117s spyruokl\u0117s, - Didelio elastingumo putos, - Elektrin\u0117 miegojimo funkcija, - Si\u016bl\u0117s, - Laisvai nuimamos nugaros pagalv\u0117l\u0117s, - Metalin\u0117s kojel\u0117s.<\/p>","protected":false},"featured_media":143520,"comment_status":"open","ping_status":"closed","template":"","meta":[],"product_brand":[],"product_cat":[9384,616,1983,3450],"product_tag":[],"class_list":{"0":"post-143476","1":"product","2":"type-product","3":"status-publish","4":"has-post-thumbnail","6":"product_cat-corner-sofas-pyka","7":"product_cat-corners","8":"product_cat-corners-l","9":"product_cat-meble-pyka","11":"first","12":"instock","13":"shipping-taxable","14":"purchasable","15":"product-type-variable","16":"wvs-archive-product-wrapper"},"_links":{"self":[{"href":"https:\/\/baldumarket.lt\/lt\/wp-json\/wp\/v2\/product\/143476","targetHints":{"allow":["GET"]}}],"collection":[{"href":"https:\/\/baldumarket.lt\/lt\/wp-json\/wp\/v2\/product"}],"about":[{"href":"https:\/\/baldumarket.lt\/lt\/wp-json\/wp\/v2\/types\/product"}],"replies":[{"embeddable":true,"href":"https:\/\/baldumarket.lt\/lt\/wp-json\/wp\/v2\/comments?post=143476"}],"wp:featuredmedia":[{"embeddable":true,"href":"https:\/\/baldumarket.lt\/lt\/wp-json\/wp\/v2\/media\/143520"}],"wp:attachment":[{"href":"https:\/\/baldumarket.lt\/lt\/wp-json\/wp\/v2\/media?parent=143476"}],"wp:term":[{"taxonomy":"product_brand","embeddable":true,"href":"https:\/\/baldumarket.lt\/lt\/wp-json\/wp\/v2\/product_brand?post=143476"},{"taxonomy":"product_cat","embeddable":true,"href":"https:\/\/baldumarket.lt\/lt\/wp-json\/wp\/v2\/product_cat?post=143476"},{"taxonomy":"product_tag","embeddable":true,"href":"https:\/\/baldumarket.lt\/lt\/wp-json\/wp\/v2\/product_tag?post=143476"}],"curies":[{"name":"wp","href":"https:\/\/api.w.org\/{rel}","templated":true}]}}