{"id":143465,"date":"2025-12-14T02:03:06","date_gmt":"2025-12-13T23:03:06","guid":{"rendered":"https:\/\/baldumarket.lt\/?post_type=product&#038;p=143465"},"modified":"2026-02-03T23:36:23","modified_gmt":"2026-02-03T20:36:23","slug":"naroznik-smart-tkanina-277x245","status":"publish","type":"product","link":"https:\/\/baldumarket.lt\/lt\/product\/naroznik-smart-tkanina-277x245\/","title":{"rendered":"SMART kampin\u0117 sofa su audiniu 277&#215;245"},"content":{"rendered":"<p>\u201eSmart\u201c kampin\u0117 sofa \u2013 tai elegancijos vir\u0161\u016bn\u0117, \u012fk\u016bnyta minimalistiniu dizainu ir moderniais sprendimais. M\u016bs\u0173 klientai j\u0105 m\u0117gsta d\u0117l unikalios i\u0161vaizdos. Specifikacijos: \u2013 Banguotos spyruokl\u0117s, \u2013 Didelio elastingumo putplastis, \u2013 Silikono karoliukai juosmens pagalv\u0117l\u0117se, \u2013 Fiksuoti atlo\u0161ai ir porankiai, \u2013 Juodos metalin\u0117s kojel\u0117s. * baldai gaminami pagal u\u017esakym\u0105 \u2013 gamybos laikas: 3\u20136 savait\u0117s<\/p>","protected":false},"excerpt":{"rendered":"<p>\u201eSmart\u201c kampin\u0117 sofa \u2013 tai elegancijos vir\u0161\u016bn\u0117, \u012fk\u016bnyta minimalistiniu dizainu ir moderniais sprendimais. M\u016bs\u0173 klientai j\u0105 m\u0117gsta d\u0117l unikalios i\u0161vaizdos. Specifikacijos: \u2013 Banguotos spyruokl\u0117s, \u2013 Didelio elastingumo putplastis, \u2013 Silikono karoliukai juosmens pagalv\u0117l\u0117se, \u2013 Fiksuoti atlo\u0161ai ir porankiai, \u2013 Juodos metalin\u0117s kojel\u0117s. * baldai gaminami pagal u\u017esakym\u0105 \u2013 gamybos laikas nuo 3 iki [\u2026]<\/p>","protected":false},"featured_media":143504,"comment_status":"open","ping_status":"closed","template":"","meta":[],"product_brand":[],"product_cat":[9384,616,1983,3450],"product_tag":[],"class_list":{"0":"post-143465","1":"product","2":"type-product","3":"status-publish","4":"has-post-thumbnail","6":"product_cat-corner-sofas-pyka","7":"product_cat-corners","8":"product_cat-corners-l","9":"product_cat-meble-pyka","11":"first","12":"instock","13":"shipping-taxable","14":"purchasable","15":"product-type-variable","16":"wvs-archive-product-wrapper"},"_links":{"self":[{"href":"https:\/\/baldumarket.lt\/lt\/wp-json\/wp\/v2\/product\/143465","targetHints":{"allow":["GET"]}}],"collection":[{"href":"https:\/\/baldumarket.lt\/lt\/wp-json\/wp\/v2\/product"}],"about":[{"href":"https:\/\/baldumarket.lt\/lt\/wp-json\/wp\/v2\/types\/product"}],"replies":[{"embeddable":true,"href":"https:\/\/baldumarket.lt\/lt\/wp-json\/wp\/v2\/comments?post=143465"}],"wp:featuredmedia":[{"embeddable":true,"href":"https:\/\/baldumarket.lt\/lt\/wp-json\/wp\/v2\/media\/143504"}],"wp:attachment":[{"href":"https:\/\/baldumarket.lt\/lt\/wp-json\/wp\/v2\/media?parent=143465"}],"wp:term":[{"taxonomy":"product_brand","embeddable":true,"href":"https:\/\/baldumarket.lt\/lt\/wp-json\/wp\/v2\/product_brand?post=143465"},{"taxonomy":"product_cat","embeddable":true,"href":"https:\/\/baldumarket.lt\/lt\/wp-json\/wp\/v2\/product_cat?post=143465"},{"taxonomy":"product_tag","embeddable":true,"href":"https:\/\/baldumarket.lt\/lt\/wp-json\/wp\/v2\/product_tag?post=143465"}],"curies":[{"name":"wp","href":"https:\/\/api.w.org\/{rel}","templated":true}]}}