{"id":143446,"date":"2025-12-14T02:02:34","date_gmt":"2025-12-13T23:02:34","guid":{"rendered":"https:\/\/baldumarket.lt\/?post_type=product&#038;p=143446"},"modified":"2026-02-03T23:36:25","modified_gmt":"2026-02-03T20:36:25","slug":"naroznik-siella-200x350x240-agmamito-catch-me-02","status":"publish","type":"product","link":"https:\/\/baldumarket.lt\/lt\/product\/naroznik-siella-200x350x240-agmamito-catch-me-02\/","title":{"rendered":"SIELLA kampin\u0117 sofa 200x350x240 Agmamito Pagauk mane 02"},"content":{"rendered":"<p>Kampin\u0117 sofa \u201eSiella\u201c \u2013 svajoni\u0173 baldas modernaus stiliaus m\u0117g\u0117jams. \u0160i kampin\u0117 sofa apjungia daug privalum\u0173. D\u0117l \u012fmontuotos vietos daiktams susid\u0117ti ji puikiai tinka tiems, kuriems reikia papildomos vietos daiktams susid\u0117ti. Dien\u0105 ji puikiai tinka poilsiui, o nakt\u012f \u2013 kaip patogi lova dviem suaugusiesiems. Reguliuojamos galvos atramos ir auk\u0161tos metalin\u0117s kojel\u0117s \u2013 papildomi privalumai. Specifikacijos: \u2013 Zigzago spyruokl\u0117s, \u2013 Miegojimo funkcija, \u2013 Didelio elastingumo putos, \u2013 Du patalyn\u0117s skyriai, \u2013 Reguliuojamos galvos atramos. \u2013 Metalin\u0117s kojel\u0117s.<\/p>","protected":false},"excerpt":{"rendered":"<p>Kampin\u0117 sofa \u201eSiella\u201c \u2013 svajoni\u0173 baldas modernaus stiliaus m\u0117g\u0117jams. \u0160i kampin\u0117 sofa apjungia daug privalum\u0173. D\u0117l \u012fmontuotos vietos daiktams susid\u0117ti ji puikiai tinka tiems, kuriems reikia papildomos vietos daiktams susid\u0117ti. Dien\u0105 ji puikiai tinka poilsiui, o nakt\u012f \u2013 patogiai lovai dviem suaugusiesiems. Reguliuojamos galvos atramos ir auk\u0161tas [\u2026]<\/p>","protected":false},"featured_media":143467,"comment_status":"open","ping_status":"closed","template":"","meta":[],"product_brand":[],"product_cat":[9384,616,1982,3450],"product_tag":[],"class_list":{"0":"post-143446","1":"product","2":"type-product","3":"status-publish","4":"has-post-thumbnail","6":"product_cat-corner-sofas-pyka","7":"product_cat-corners","8":"product_cat-corners-u","9":"product_cat-meble-pyka","11":"first","12":"instock","13":"shipping-taxable","14":"purchasable","15":"product-type-variable","16":"wvs-archive-product-wrapper"},"_links":{"self":[{"href":"https:\/\/baldumarket.lt\/lt\/wp-json\/wp\/v2\/product\/143446","targetHints":{"allow":["GET"]}}],"collection":[{"href":"https:\/\/baldumarket.lt\/lt\/wp-json\/wp\/v2\/product"}],"about":[{"href":"https:\/\/baldumarket.lt\/lt\/wp-json\/wp\/v2\/types\/product"}],"replies":[{"embeddable":true,"href":"https:\/\/baldumarket.lt\/lt\/wp-json\/wp\/v2\/comments?post=143446"}],"wp:featuredmedia":[{"embeddable":true,"href":"https:\/\/baldumarket.lt\/lt\/wp-json\/wp\/v2\/media\/143467"}],"wp:attachment":[{"href":"https:\/\/baldumarket.lt\/lt\/wp-json\/wp\/v2\/media?parent=143446"}],"wp:term":[{"taxonomy":"product_brand","embeddable":true,"href":"https:\/\/baldumarket.lt\/lt\/wp-json\/wp\/v2\/product_brand?post=143446"},{"taxonomy":"product_cat","embeddable":true,"href":"https:\/\/baldumarket.lt\/lt\/wp-json\/wp\/v2\/product_cat?post=143446"},{"taxonomy":"product_tag","embeddable":true,"href":"https:\/\/baldumarket.lt\/lt\/wp-json\/wp\/v2\/product_tag?post=143446"}],"curies":[{"name":"wp","href":"https:\/\/api.w.org\/{rel}","templated":true}]}}