{"id":143444,"date":"2025-12-14T02:02:34","date_gmt":"2025-12-13T23:02:34","guid":{"rendered":"https:\/\/baldumarket.lt\/?post_type=product&#038;p=143444"},"modified":"2026-02-03T23:36:25","modified_gmt":"2026-02-03T20:36:25","slug":"naroznik-sara-tkanina-grupa-2-280x280","status":"publish","type":"product","link":"https:\/\/baldumarket.lt\/lt\/product\/naroznik-sara-tkanina-grupa-2-280x280\/","title":{"rendered":"SARA kampin\u0117 sofa, audinys, 2 grup\u0117, 280\u00d7280"},"content":{"rendered":"<p>D\u0117l savo mink\u0161tos formos \u201eSara\u201c kampin\u0117 sofa yra vienas patogiausi\u0173 svetain\u0117s bald\u0173, puikiai dera tiek prie modernaus, tiek prie klasikinio stiliaus. Ji ypa\u010d tinka vidutinio dyd\u017eio interjerams. Puikiai tinka poilsiui. Specifikacijos: \u2013 \u201eBonnell\u201c spyruokl\u0117, \u2013 Silikoninis rutuliukas, \u2013 Didelio elastingumo putplastis. * Baldai gaminami pagal u\u017esakym\u0105 \u2013 u\u017esakymo pristatymo laikas yra 3\u20136 savait\u0117s.<\/p>","protected":false},"excerpt":{"rendered":"<p>D\u0117l savo mink\u0161tos formos \u201eSara\u201c kampin\u0117 sofa yra vienas patogiausi\u0173 svetain\u0117s bald\u0173, puikiai dera tiek prie modernaus, tiek prie klasikinio stiliaus. Ji ypa\u010d tinka vidutinio dyd\u017eio interjerams. Puikiai tinka poilsiui. Specifikacijos: \u2013 \u201eBonnell\u201c spyruokl\u0117, \u2013 Silikoninis rutuliukas, \u2013 Didelio elastingumo putplastis. * Baldai gaminami pagal u\u017esakym\u0105 \u2013 u\u017esakyti \u0161vin\u0105 [\u2026]<\/p>","protected":false},"featured_media":143429,"comment_status":"open","ping_status":"closed","template":"","meta":[],"product_brand":[],"product_cat":[9384,9350,616,1983,3450],"product_tag":[],"class_list":{"0":"post-143444","1":"product","2":"type-product","3":"status-publish","4":"has-post-thumbnail","6":"product_cat-corner-sofas-pyka","7":"product_cat-sara-pyka-upholstered-furniture","8":"product_cat-corners","9":"product_cat-corners-l","10":"product_cat-meble-pyka","12":"first","13":"instock","14":"shipping-taxable","15":"purchasable","16":"product-type-variable","17":"wvs-archive-product-wrapper"},"_links":{"self":[{"href":"https:\/\/baldumarket.lt\/lt\/wp-json\/wp\/v2\/product\/143444","targetHints":{"allow":["GET"]}}],"collection":[{"href":"https:\/\/baldumarket.lt\/lt\/wp-json\/wp\/v2\/product"}],"about":[{"href":"https:\/\/baldumarket.lt\/lt\/wp-json\/wp\/v2\/types\/product"}],"replies":[{"embeddable":true,"href":"https:\/\/baldumarket.lt\/lt\/wp-json\/wp\/v2\/comments?post=143444"}],"wp:featuredmedia":[{"embeddable":true,"href":"https:\/\/baldumarket.lt\/lt\/wp-json\/wp\/v2\/media\/143429"}],"wp:attachment":[{"href":"https:\/\/baldumarket.lt\/lt\/wp-json\/wp\/v2\/media?parent=143444"}],"wp:term":[{"taxonomy":"product_brand","embeddable":true,"href":"https:\/\/baldumarket.lt\/lt\/wp-json\/wp\/v2\/product_brand?post=143444"},{"taxonomy":"product_cat","embeddable":true,"href":"https:\/\/baldumarket.lt\/lt\/wp-json\/wp\/v2\/product_cat?post=143444"},{"taxonomy":"product_tag","embeddable":true,"href":"https:\/\/baldumarket.lt\/lt\/wp-json\/wp\/v2\/product_tag?post=143444"}],"curies":[{"name":"wp","href":"https:\/\/api.w.org\/{rel}","templated":true}]}}