{"id":143432,"date":"2025-12-14T02:02:28","date_gmt":"2025-12-13T23:02:28","guid":{"rendered":"https:\/\/baldumarket.lt\/?post_type=product&#038;p=143432"},"modified":"2026-02-03T23:36:26","modified_gmt":"2026-02-03T20:36:26","slug":"naroznik-sara-tkanina-220x280","status":"publish","type":"product","link":"https:\/\/baldumarket.lt\/lt\/product\/naroznik-sara-tkanina-220x280\/","title":{"rendered":"SARA kampin\u0117 sofa, audinys, 220\u00d7280"},"content":{"rendered":"<p>D\u0117l savo mink\u0161tos formos \u201eSara\u201c kampin\u0117 sofa yra vienas patogiausi\u0173 svetain\u0117s bald\u0173, puikiai derantis tiek prie modernaus, tiek prie klasikinio stiliaus. Puikiai tinka poilsiui. Specifikacijos: \u2013 \u201eBonnell\u201c spyruokl\u0117s \u2013 Silikoninis rutuliukas \u2013 Papildoma prieda: miegojimo funkcija \u2013 Didelio elastingumo putplastis * baldai gaminami pagal u\u017esakym\u0105 \u2013 u\u017esakymo atlikimo laikas 3\u20136 savait\u0117s ** kampin\u0117s sofos konfig\u016bracij\u0105 galima modifikuoti<\/p>","protected":false},"excerpt":{"rendered":"<p>D\u0117l savo mink\u0161tos formos \u201eSara\u201c kampin\u0117 sofa yra vienas patogiausi\u0173 svetain\u0117s bald\u0173, puikiai deran\u010di\u0173 tiek prie modernaus, tiek prie klasikinio stiliaus. Puikiai tinka poilsiui. Specifikacijos: \u2013 \u201eBonnell\u201c spyruokl\u0117s \u2013 Silikoninis rutuliukas \u2013 Papildoma prieda: miegojimo funkcija \u2013 Didelio elastingumo putplastis * baldai gaminami pagal u\u017esakym\u0105 \u2013 u\u017esakymo atlikimo laikas nuo 3 iki [\u2026]<\/p>","protected":false},"featured_media":143449,"comment_status":"open","ping_status":"closed","template":"","meta":[],"product_brand":[],"product_cat":[9384,9350,616,1983,3450],"product_tag":[],"class_list":{"0":"post-143432","1":"product","2":"type-product","3":"status-publish","4":"has-post-thumbnail","6":"product_cat-corner-sofas-pyka","7":"product_cat-sara-pyka-upholstered-furniture","8":"product_cat-corners","9":"product_cat-corners-l","10":"product_cat-meble-pyka","12":"first","13":"instock","14":"shipping-taxable","15":"purchasable","16":"product-type-variable","17":"wvs-archive-product-wrapper"},"_links":{"self":[{"href":"https:\/\/baldumarket.lt\/lt\/wp-json\/wp\/v2\/product\/143432","targetHints":{"allow":["GET"]}}],"collection":[{"href":"https:\/\/baldumarket.lt\/lt\/wp-json\/wp\/v2\/product"}],"about":[{"href":"https:\/\/baldumarket.lt\/lt\/wp-json\/wp\/v2\/types\/product"}],"replies":[{"embeddable":true,"href":"https:\/\/baldumarket.lt\/lt\/wp-json\/wp\/v2\/comments?post=143432"}],"wp:featuredmedia":[{"embeddable":true,"href":"https:\/\/baldumarket.lt\/lt\/wp-json\/wp\/v2\/media\/143449"}],"wp:attachment":[{"href":"https:\/\/baldumarket.lt\/lt\/wp-json\/wp\/v2\/media?parent=143432"}],"wp:term":[{"taxonomy":"product_brand","embeddable":true,"href":"https:\/\/baldumarket.lt\/lt\/wp-json\/wp\/v2\/product_brand?post=143432"},{"taxonomy":"product_cat","embeddable":true,"href":"https:\/\/baldumarket.lt\/lt\/wp-json\/wp\/v2\/product_cat?post=143432"},{"taxonomy":"product_tag","embeddable":true,"href":"https:\/\/baldumarket.lt\/lt\/wp-json\/wp\/v2\/product_tag?post=143432"}],"curies":[{"name":"wp","href":"https:\/\/api.w.org\/{rel}","templated":true}]}}