{"id":143382,"date":"2025-12-14T02:01:01","date_gmt":"2025-12-13T23:01:01","guid":{"rendered":"https:\/\/baldumarket.lt\/?post_type=product&#038;p=143382"},"modified":"2026-04-08T15:59:57","modified_gmt":"2026-04-08T12:59:57","slug":"naroznik-regan-skora-320x260","status":"publish","type":"product","link":"https:\/\/baldumarket.lt\/lt\/product\/naroznik-regan-skora-320x260\/","title":{"rendered":"REGAN kampin\u0117 sofa, odin\u0117, 320\u00d7260"},"content":{"rendered":"<p>Auk\u0161\u010diausios kokyb\u0117s, moderni \u201eRegan\u201c kampin\u0117 sofa sujungia kokyb\u0119 ir komfort\u0105. Ji turi patogi\u0105 poilsio funkcij\u0105, puikiai tinkan\u010di\u0105 atsipalaiduoti po ilgos dienos. Specifikacijos: \u2013 \u201eBonnell\u201c spyruokl\u0117s, \u2013 Silikono karoliukai, \u2013 Didelio elastingumo putplastis. * baldai gaminami pagal u\u017esakym\u0105 \u2013 u\u017esakymo gamybos laikas: 3\u20136 savait\u0117s<\/p>","protected":false},"excerpt":{"rendered":"<p>Auk\u0161\u010diausios kokyb\u0117s, moderni \u201eRegan\u201c kampin\u0117 sofa sujungia kokyb\u0119 ir komfort\u0105. Ji turi patogi\u0105 poilsio funkcij\u0105, puikiai tinkan\u010di\u0105 atsipalaiduoti po ilgos dienos. Specifikacijos: \u2013 \u201eBonnell\u201c spyruokl\u0117s, \u2013 Silikono karoliukai, \u2013 Didelio elastingumo putplastis. * baldai gaminami pagal u\u017esakym\u0105 \u2013 u\u017esakymo gamybos laikas: 3\u20136 savait\u0117s<\/p>","protected":false},"featured_media":143416,"comment_status":"open","ping_status":"closed","template":"","meta":[],"product_brand":[],"product_cat":[9384,9378,616,3450],"product_tag":[],"class_list":{"0":"post-143382","1":"product","2":"type-product","3":"status-publish","4":"has-post-thumbnail","6":"product_cat-corner-sofas-pyka","7":"product_cat-regan-pyka-upholstered-furniture","8":"product_cat-corners","9":"product_cat-meble-pyka","11":"first","12":"instock","13":"shipping-taxable","14":"purchasable","15":"product-type-variable","16":"wvs-archive-product-wrapper"},"_links":{"self":[{"href":"https:\/\/baldumarket.lt\/lt\/wp-json\/wp\/v2\/product\/143382","targetHints":{"allow":["GET"]}}],"collection":[{"href":"https:\/\/baldumarket.lt\/lt\/wp-json\/wp\/v2\/product"}],"about":[{"href":"https:\/\/baldumarket.lt\/lt\/wp-json\/wp\/v2\/types\/product"}],"replies":[{"embeddable":true,"href":"https:\/\/baldumarket.lt\/lt\/wp-json\/wp\/v2\/comments?post=143382"}],"wp:featuredmedia":[{"embeddable":true,"href":"https:\/\/baldumarket.lt\/lt\/wp-json\/wp\/v2\/media\/143416"}],"wp:attachment":[{"href":"https:\/\/baldumarket.lt\/lt\/wp-json\/wp\/v2\/media?parent=143382"}],"wp:term":[{"taxonomy":"product_brand","embeddable":true,"href":"https:\/\/baldumarket.lt\/lt\/wp-json\/wp\/v2\/product_brand?post=143382"},{"taxonomy":"product_cat","embeddable":true,"href":"https:\/\/baldumarket.lt\/lt\/wp-json\/wp\/v2\/product_cat?post=143382"},{"taxonomy":"product_tag","embeddable":true,"href":"https:\/\/baldumarket.lt\/lt\/wp-json\/wp\/v2\/product_tag?post=143382"}],"curies":[{"name":"wp","href":"https:\/\/api.w.org\/{rel}","templated":true}]}}