{"id":143343,"date":"2025-12-14T01:59:58","date_gmt":"2025-12-13T22:59:58","guid":{"rendered":"https:\/\/baldumarket.lt\/?post_type=product&#038;p=143343"},"modified":"2026-02-03T23:36:28","modified_gmt":"2026-02-03T20:36:28","slug":"naroznik-panama-262x180-madras-dunkel-blau","status":"publish","type":"product","link":"https:\/\/baldumarket.lt\/lt\/product\/naroznik-panama-262x180-madras-dunkel-blau\/","title":{"rendered":"PANAMA kampin\u0117 sofa 262\u00d7180 Madras Dunkel Blau"},"content":{"rendered":"<p>Kampin\u0117 sofa \u201ePanama\u201c pasi\u017eymi paprastu, moderniu ir eleganti\u0161ku dizainu. Reguliuojami porankiai, atliekantys papildom\u0105 funkcij\u0105, suteikia \u0161iai kampinei sofai funkcionalumo. Specifikacijos: - Kavalerio spyruokl\u0117s, - Didelio elastingumo putos, - Miegojimo funkcija, - Patalyn\u0117, - Reguliuojami porankiai.<\/p>","protected":false},"excerpt":{"rendered":"<p>Kampin\u0117 sofa \u201ePanama\u201c pasi\u017eymi paprastu, moderniu ir eleganti\u0161ku dizainu. Reguliuojami porankiai, atliekantys papildom\u0105 funkcij\u0105, suteikia \u0161iai kampinei sofai funkcionalumo. Specifikacijos: - Kavalerio spyruokl\u0117s, - Didelio elastingumo putos, - Miegojimo funkcija, - Patalyn\u0117, - Reguliuojami porankiai.<\/p>","protected":false},"featured_media":143397,"comment_status":"open","ping_status":"closed","template":"","meta":[],"product_brand":[],"product_cat":[9384,616,1983,3450],"product_tag":[],"class_list":{"0":"post-143343","1":"product","2":"type-product","3":"status-publish","4":"has-post-thumbnail","6":"product_cat-corner-sofas-pyka","7":"product_cat-corners","8":"product_cat-corners-l","9":"product_cat-meble-pyka","11":"first","12":"instock","13":"shipping-taxable","14":"purchasable","15":"product-type-variable","16":"wvs-archive-product-wrapper"},"_links":{"self":[{"href":"https:\/\/baldumarket.lt\/lt\/wp-json\/wp\/v2\/product\/143343","targetHints":{"allow":["GET"]}}],"collection":[{"href":"https:\/\/baldumarket.lt\/lt\/wp-json\/wp\/v2\/product"}],"about":[{"href":"https:\/\/baldumarket.lt\/lt\/wp-json\/wp\/v2\/types\/product"}],"replies":[{"embeddable":true,"href":"https:\/\/baldumarket.lt\/lt\/wp-json\/wp\/v2\/comments?post=143343"}],"wp:featuredmedia":[{"embeddable":true,"href":"https:\/\/baldumarket.lt\/lt\/wp-json\/wp\/v2\/media\/143397"}],"wp:attachment":[{"href":"https:\/\/baldumarket.lt\/lt\/wp-json\/wp\/v2\/media?parent=143343"}],"wp:term":[{"taxonomy":"product_brand","embeddable":true,"href":"https:\/\/baldumarket.lt\/lt\/wp-json\/wp\/v2\/product_brand?post=143343"},{"taxonomy":"product_cat","embeddable":true,"href":"https:\/\/baldumarket.lt\/lt\/wp-json\/wp\/v2\/product_cat?post=143343"},{"taxonomy":"product_tag","embeddable":true,"href":"https:\/\/baldumarket.lt\/lt\/wp-json\/wp\/v2\/product_tag?post=143343"}],"curies":[{"name":"wp","href":"https:\/\/api.w.org\/{rel}","templated":true}]}}