{"id":143328,"date":"2025-12-14T01:59:31","date_gmt":"2025-12-13T22:59:31","guid":{"rendered":"https:\/\/baldumarket.lt\/?post_type=product&#038;p=143328"},"modified":"2026-02-03T23:36:28","modified_gmt":"2026-02-03T20:36:28","slug":"naroznik-oviedo-240x325-fargotex-maya-04","status":"publish","type":"product","link":"https:\/\/baldumarket.lt\/lt\/product\/naroznik-oviedo-240x325-fargotex-maya-04\/","title":{"rendered":"Kampin\u0117 sofa OVIEDO 240\u00d7325 Fargotex Maya 04"},"content":{"rendered":"<p>\u201eOviedo\u201c kampin\u0117 sofa pasi\u017eymi paprastumu, moderniu ir eleganti\u0161ku dizainu. Paprasta forma ir gerai pamink\u0161tintas vidus paver\u010dia j\u0105 puikiu baldu poilsiui. Subtilus chromuotas pavir\u0161ius suteikia elegancijos ir modernumo. Papildomas \u0161ios kampin\u0117s sofos privalumas \u2013 auk\u0161tos kojel\u0117s. Specifikacijos: - Universalus i\u0161d\u0117stymas, - Elektrin\u0117 atsipalaidavimo funkcija, - Reguliuojamos galvos atramos, - \u201eCavalry\u201c spyruokl\u0117s, - Didelio elastingumo putos, - Auk\u0161tos metalin\u0117s kojel\u0117s.<\/p>","protected":false},"excerpt":{"rendered":"<p>\u201eOviedo\u201c kampin\u0117 sofa pasi\u017eymi paprastumu, moderniu ir eleganti\u0161ku dizainu. Paprasta forma ir gerai pamink\u0161tintas vidus paver\u010dia j\u0105 puikiu baldu poilsiui. Subtilus chromuotas pavir\u0161ius suteikia elegancijos ir modernumo. Papildomas \u0161ios kampin\u0117s sofos privalumas \u2013 auk\u0161tos kojel\u0117s. Specifikacijos: -Universalus i\u0161d\u0117stymas, -Elektrin\u0117 poilsio funkcija, -Reguliuojamos galvos atramos, -\u201eCavalry [\u2026]\u201c<\/p>","protected":false},"featured_media":143389,"comment_status":"open","ping_status":"closed","template":"","meta":[],"product_brand":[],"product_cat":[9384,616,1983,3450],"product_tag":[],"class_list":{"0":"post-143328","1":"product","2":"type-product","3":"status-publish","4":"has-post-thumbnail","6":"product_cat-corner-sofas-pyka","7":"product_cat-corners","8":"product_cat-corners-l","9":"product_cat-meble-pyka","11":"first","12":"instock","13":"shipping-taxable","14":"purchasable","15":"product-type-variable","16":"wvs-archive-product-wrapper"},"_links":{"self":[{"href":"https:\/\/baldumarket.lt\/lt\/wp-json\/wp\/v2\/product\/143328","targetHints":{"allow":["GET"]}}],"collection":[{"href":"https:\/\/baldumarket.lt\/lt\/wp-json\/wp\/v2\/product"}],"about":[{"href":"https:\/\/baldumarket.lt\/lt\/wp-json\/wp\/v2\/types\/product"}],"replies":[{"embeddable":true,"href":"https:\/\/baldumarket.lt\/lt\/wp-json\/wp\/v2\/comments?post=143328"}],"wp:featuredmedia":[{"embeddable":true,"href":"https:\/\/baldumarket.lt\/lt\/wp-json\/wp\/v2\/media\/143389"}],"wp:attachment":[{"href":"https:\/\/baldumarket.lt\/lt\/wp-json\/wp\/v2\/media?parent=143328"}],"wp:term":[{"taxonomy":"product_brand","embeddable":true,"href":"https:\/\/baldumarket.lt\/lt\/wp-json\/wp\/v2\/product_brand?post=143328"},{"taxonomy":"product_cat","embeddable":true,"href":"https:\/\/baldumarket.lt\/lt\/wp-json\/wp\/v2\/product_cat?post=143328"},{"taxonomy":"product_tag","embeddable":true,"href":"https:\/\/baldumarket.lt\/lt\/wp-json\/wp\/v2\/product_tag?post=143328"}],"curies":[{"name":"wp","href":"https:\/\/api.w.org\/{rel}","templated":true}]}}