{"id":143308,"date":"2025-12-14T01:59:03","date_gmt":"2025-12-13T22:59:03","guid":{"rendered":"https:\/\/baldumarket.lt\/?post_type=product&#038;p=143308"},"modified":"2026-02-03T23:36:29","modified_gmt":"2026-02-03T20:36:29","slug":"naroznik-nepal-skora","status":"publish","type":"product","link":"https:\/\/baldumarket.lt\/lt\/product\/naroznik-nepal-skora\/","title":{"rendered":"NEPAL odin\u0117 kampin\u0117 sofa"},"content":{"rendered":"<p>M\u016bs\u0173 kampin\u0119 sof\u0105 \u201eNepal\u201c \u012fsimyl\u0117site i\u0161 pirmo \u017evilgsnio ir vos atsis\u0117d\u0119. Unikali i\u0161vaizda ir forma rei\u0161kia, kad ji niekada nei\u0161eis i\u0161 mados ir taps ilgalaikiu j\u016bs\u0173 svetain\u0117s akcentu. Specifikacijos: \u2013 Silikoninis rutulys, \u2013 Vingiuota spyruokl\u0117, \u2013 Du sujungti pufai. * baldai, gaminami pagal u\u017esakym\u0105 \u2013 u\u017esakymo gamybos laikas: 3\u20136 savait\u0117s <\/p>","protected":false},"excerpt":{"rendered":"<p>M\u016bs\u0173 kampin\u0119 sof\u0105 \u201eNepal\u201c \u012fsimyl\u0117site i\u0161 pirmo \u017evilgsnio ir vos atsis\u0117d\u0119. D\u0117l unikalios i\u0161vaizdos ir formos ji niekada nei\u0161eis i\u0161 mados ir taps ilgalaikiu j\u016bs\u0173 svetain\u0117s akcentu. Specifikacijos: \u2013 Silikoninis rutulys, \u2013 Vingiuota spyruokl\u0117, \u2013 Du sujungti pufai. * baldai pagal u\u017esakym\u0105 \u2013 u\u017esakyti [\u2026]<\/p>","protected":false},"featured_media":143369,"comment_status":"open","ping_status":"closed","template":"","meta":[],"product_brand":[],"product_cat":[9384,616,1983,3450],"product_tag":[],"class_list":{"0":"post-143308","1":"product","2":"type-product","3":"status-publish","4":"has-post-thumbnail","6":"product_cat-corner-sofas-pyka","7":"product_cat-corners","8":"product_cat-corners-l","9":"product_cat-meble-pyka","11":"first","12":"instock","13":"shipping-taxable","14":"purchasable","15":"product-type-variable","16":"wvs-archive-product-wrapper"},"_links":{"self":[{"href":"https:\/\/baldumarket.lt\/lt\/wp-json\/wp\/v2\/product\/143308","targetHints":{"allow":["GET"]}}],"collection":[{"href":"https:\/\/baldumarket.lt\/lt\/wp-json\/wp\/v2\/product"}],"about":[{"href":"https:\/\/baldumarket.lt\/lt\/wp-json\/wp\/v2\/types\/product"}],"replies":[{"embeddable":true,"href":"https:\/\/baldumarket.lt\/lt\/wp-json\/wp\/v2\/comments?post=143308"}],"wp:featuredmedia":[{"embeddable":true,"href":"https:\/\/baldumarket.lt\/lt\/wp-json\/wp\/v2\/media\/143369"}],"wp:attachment":[{"href":"https:\/\/baldumarket.lt\/lt\/wp-json\/wp\/v2\/media?parent=143308"}],"wp:term":[{"taxonomy":"product_brand","embeddable":true,"href":"https:\/\/baldumarket.lt\/lt\/wp-json\/wp\/v2\/product_brand?post=143308"},{"taxonomy":"product_cat","embeddable":true,"href":"https:\/\/baldumarket.lt\/lt\/wp-json\/wp\/v2\/product_cat?post=143308"},{"taxonomy":"product_tag","embeddable":true,"href":"https:\/\/baldumarket.lt\/lt\/wp-json\/wp\/v2\/product_tag?post=143308"}],"curies":[{"name":"wp","href":"https:\/\/api.w.org\/{rel}","templated":true}]}}