{"id":143304,"date":"2025-12-14T01:59:02","date_gmt":"2025-12-13T22:59:02","guid":{"rendered":"https:\/\/baldumarket.lt\/?post_type=product&#038;p=143304"},"modified":"2026-02-03T23:36:29","modified_gmt":"2026-02-03T20:36:29","slug":"naroznik-nepal-dl-340cm-agmamito-bubble-14","status":"publish","type":"product","link":"https:\/\/baldumarket.lt\/lt\/product\/naroznik-nepal-dl-340cm-agmamito-bubble-14\/","title":{"rendered":"NEPAL kampin\u0117 sofa, ilgis 340 cm, Agmamito Bubble 14"},"content":{"rendered":"<p>Kampin\u0117 sofa \u201eNepal\u201c \u017eavi unikaliomis si\u016bl\u0117mis, kurios suteiks elegancijos bet kokiam interjerui. Jos avangardin\u0117 forma ir patraukli i\u0161vaizda pritraukia kiekvieno kliento d\u0117mes\u012f. Specifikacijos: - Silikoninis rutulys, - Banguota spyruokl\u0117, - Du sujungti pufai.<\/p>","protected":false},"excerpt":{"rendered":"<p>Kampin\u0117 sofa \u201eNepal\u201c \u017eavi unikaliomis si\u016bl\u0117mis, kurios suteiks elegancijos bet kokiam interjerui. Jos avangardin\u0117 forma ir patraukli i\u0161vaizda pritraukia kiekvieno kliento d\u0117mes\u012f. Specifikacijos: - Silikoninis rutulys, - Banguota spyruokl\u0117, - Du sujungti pufai.<\/p>","protected":false},"featured_media":143362,"comment_status":"open","ping_status":"closed","template":"","meta":[],"product_brand":[],"product_cat":[9384,616,1983,3450],"product_tag":[],"class_list":{"0":"post-143304","1":"product","2":"type-product","3":"status-publish","4":"has-post-thumbnail","6":"product_cat-corner-sofas-pyka","7":"product_cat-corners","8":"product_cat-corners-l","9":"product_cat-meble-pyka","11":"first","12":"instock","13":"shipping-taxable","14":"purchasable","15":"product-type-variable","16":"wvs-archive-product-wrapper"},"_links":{"self":[{"href":"https:\/\/baldumarket.lt\/lt\/wp-json\/wp\/v2\/product\/143304","targetHints":{"allow":["GET"]}}],"collection":[{"href":"https:\/\/baldumarket.lt\/lt\/wp-json\/wp\/v2\/product"}],"about":[{"href":"https:\/\/baldumarket.lt\/lt\/wp-json\/wp\/v2\/types\/product"}],"replies":[{"embeddable":true,"href":"https:\/\/baldumarket.lt\/lt\/wp-json\/wp\/v2\/comments?post=143304"}],"wp:featuredmedia":[{"embeddable":true,"href":"https:\/\/baldumarket.lt\/lt\/wp-json\/wp\/v2\/media\/143362"}],"wp:attachment":[{"href":"https:\/\/baldumarket.lt\/lt\/wp-json\/wp\/v2\/media?parent=143304"}],"wp:term":[{"taxonomy":"product_brand","embeddable":true,"href":"https:\/\/baldumarket.lt\/lt\/wp-json\/wp\/v2\/product_brand?post=143304"},{"taxonomy":"product_cat","embeddable":true,"href":"https:\/\/baldumarket.lt\/lt\/wp-json\/wp\/v2\/product_cat?post=143304"},{"taxonomy":"product_tag","embeddable":true,"href":"https:\/\/baldumarket.lt\/lt\/wp-json\/wp\/v2\/product_tag?post=143304"}],"curies":[{"name":"wp","href":"https:\/\/api.w.org\/{rel}","templated":true}]}}