{"id":143302,"date":"2025-12-14T01:59:01","date_gmt":"2025-12-13T22:59:01","guid":{"rendered":"https:\/\/baldumarket.lt\/?post_type=product&#038;p=143302"},"modified":"2026-02-03T23:36:29","modified_gmt":"2026-02-03T20:36:29","slug":"naroznik-modern-tkanina-225x170","status":"publish","type":"product","link":"https:\/\/baldumarket.lt\/lt\/product\/naroznik-modern-tkanina-225x170\/","title":{"rendered":"kampin\u0117 sofa MODERN, audinys, 225\u00d7170"},"content":{"rendered":"<p>Moderni kampin\u0117 sofa pasi\u017eymi moderniu, ta\u010diau unikaliu dizainu. D\u0117l savo i\u0161vaizdos ji idealiai tinka paprastiems ir ma\u017eiems interjerams. Paprastumas ir subtilios pagalv\u0117li\u0173 si\u016bl\u0117s suteikia jai \u017eavesio. Specifikacijos: \u2013 \u201eBonnell\u201c spyruokl\u0117s, \u2013 Miegojimo funkcija, \u2013 Didelio elastingumo putos, \u2013 Patalyn\u0117s laikymo vieta. * Baldai pagal u\u017esakym\u0105 \u2013 u\u017esakymo atlikimo laikas: 3\u20136 savait\u0117s<\/p>","protected":false},"excerpt":{"rendered":"<p>Moderni kampin\u0117 sofa pasi\u017eymi moderniu, ta\u010diau unikaliu dizainu. D\u0117l savo i\u0161vaizdos ji idealiai tinka paprastiems ir ma\u017eiems interjerams. Paprastumas ir subtilios pagalv\u0117li\u0173 si\u016bl\u0117s suteikia jai \u017eavesio. Specifikacijos: \u2013 \u201eBonnell\u201c spyruokl\u0117s, \u2013 Miegojimo funkcija, \u2013 Didelio elastingumo putos, \u2013 Patalyn\u0117s laikymo vieta. * Baldai pagal u\u017esakym\u0105 \u2013 u\u017esakymo atlikimo laikas: 3\u20136 savait\u0117s<\/p>","protected":false},"featured_media":143352,"comment_status":"open","ping_status":"closed","template":"","meta":[],"product_brand":[],"product_cat":[9384,616,1983,3450],"product_tag":[],"class_list":{"0":"post-143302","1":"product","2":"type-product","3":"status-publish","4":"has-post-thumbnail","6":"product_cat-corner-sofas-pyka","7":"product_cat-corners","8":"product_cat-corners-l","9":"product_cat-meble-pyka","11":"first","12":"instock","13":"shipping-taxable","14":"purchasable","15":"product-type-variable","16":"wvs-archive-product-wrapper"},"_links":{"self":[{"href":"https:\/\/baldumarket.lt\/lt\/wp-json\/wp\/v2\/product\/143302","targetHints":{"allow":["GET"]}}],"collection":[{"href":"https:\/\/baldumarket.lt\/lt\/wp-json\/wp\/v2\/product"}],"about":[{"href":"https:\/\/baldumarket.lt\/lt\/wp-json\/wp\/v2\/types\/product"}],"replies":[{"embeddable":true,"href":"https:\/\/baldumarket.lt\/lt\/wp-json\/wp\/v2\/comments?post=143302"}],"wp:featuredmedia":[{"embeddable":true,"href":"https:\/\/baldumarket.lt\/lt\/wp-json\/wp\/v2\/media\/143352"}],"wp:attachment":[{"href":"https:\/\/baldumarket.lt\/lt\/wp-json\/wp\/v2\/media?parent=143302"}],"wp:term":[{"taxonomy":"product_brand","embeddable":true,"href":"https:\/\/baldumarket.lt\/lt\/wp-json\/wp\/v2\/product_brand?post=143302"},{"taxonomy":"product_cat","embeddable":true,"href":"https:\/\/baldumarket.lt\/lt\/wp-json\/wp\/v2\/product_cat?post=143302"},{"taxonomy":"product_tag","embeddable":true,"href":"https:\/\/baldumarket.lt\/lt\/wp-json\/wp\/v2\/product_tag?post=143302"}],"curies":[{"name":"wp","href":"https:\/\/api.w.org\/{rel}","templated":true}]}}