{"id":143284,"date":"2025-12-14T01:58:33","date_gmt":"2025-12-13T22:58:33","guid":{"rendered":"https:\/\/baldumarket.lt\/?post_type=product&#038;p=143284"},"modified":"2026-02-03T23:36:29","modified_gmt":"2026-02-03T20:36:29","slug":"naroznik-modern-220x171-davis-riviera-91","status":"publish","type":"product","link":"https:\/\/baldumarket.lt\/lt\/product\/naroznik-modern-220x171-davis-riviera-91\/","title":{"rendered":"Kampin\u0117 sofa MODERN 220\u00d7171 Davis Riviera 91"},"content":{"rendered":"<p>Moderni kampin\u0117 sofa pasi\u017eymi moderniu, ta\u010diau unikaliu dizainu. D\u0117l savo i\u0161vaizdos ji idealiai tinka paprastiems ir ma\u017eiems interjerams. Paprastumas ir subtilios pagalv\u0117li\u0173 si\u016bl\u0117s suteikia jai \u017eavesio. Specifikacijos: - \u201eBonnell\u201c spyruokl\u0117s, - didelio elastingumo HR putos, - miegojimo funkcija, - patalyn\u0117s laikymo vieta. <\/p>","protected":false},"excerpt":{"rendered":"<p>Moderni kampin\u0117 sofa pasi\u017eymi moderniu, ta\u010diau unikaliu dizainu. D\u0117l savo i\u0161vaizdos ji idealiai tinka paprastiems ir ma\u017eiems interjerams. Paprastumas ir subtilios pagalv\u0117li\u0173 si\u016bl\u0117s suteikia jai \u017eavesio. Specifikacijos: - \u201eBonnell\u201c spyruokl\u0117s, - didelio elastingumo HR putos, - miegojimo funkcija, - patalyn\u0117s laikymo vieta.<\/p>","protected":false},"featured_media":143339,"comment_status":"open","ping_status":"closed","template":"","meta":[],"product_brand":[],"product_cat":[9384,616,1983,3450],"product_tag":[],"class_list":{"0":"post-143284","1":"product","2":"type-product","3":"status-publish","4":"has-post-thumbnail","6":"product_cat-corner-sofas-pyka","7":"product_cat-corners","8":"product_cat-corners-l","9":"product_cat-meble-pyka","11":"first","12":"instock","13":"shipping-taxable","14":"purchasable","15":"product-type-variable","16":"wvs-archive-product-wrapper"},"_links":{"self":[{"href":"https:\/\/baldumarket.lt\/lt\/wp-json\/wp\/v2\/product\/143284","targetHints":{"allow":["GET"]}}],"collection":[{"href":"https:\/\/baldumarket.lt\/lt\/wp-json\/wp\/v2\/product"}],"about":[{"href":"https:\/\/baldumarket.lt\/lt\/wp-json\/wp\/v2\/types\/product"}],"replies":[{"embeddable":true,"href":"https:\/\/baldumarket.lt\/lt\/wp-json\/wp\/v2\/comments?post=143284"}],"wp:featuredmedia":[{"embeddable":true,"href":"https:\/\/baldumarket.lt\/lt\/wp-json\/wp\/v2\/media\/143339"}],"wp:attachment":[{"href":"https:\/\/baldumarket.lt\/lt\/wp-json\/wp\/v2\/media?parent=143284"}],"wp:term":[{"taxonomy":"product_brand","embeddable":true,"href":"https:\/\/baldumarket.lt\/lt\/wp-json\/wp\/v2\/product_brand?post=143284"},{"taxonomy":"product_cat","embeddable":true,"href":"https:\/\/baldumarket.lt\/lt\/wp-json\/wp\/v2\/product_cat?post=143284"},{"taxonomy":"product_tag","embeddable":true,"href":"https:\/\/baldumarket.lt\/lt\/wp-json\/wp\/v2\/product_tag?post=143284"}],"curies":[{"name":"wp","href":"https:\/\/api.w.org\/{rel}","templated":true}]}}