{"id":143280,"date":"2025-12-14T01:58:32","date_gmt":"2025-12-13T22:58:32","guid":{"rendered":"https:\/\/baldumarket.lt\/?post_type=product&#038;p=143280"},"modified":"2026-02-03T23:36:29","modified_gmt":"2026-02-03T20:36:29","slug":"naroznik-mediolan-tkanina-256x371","status":"publish","type":"product","link":"https:\/\/baldumarket.lt\/lt\/product\/naroznik-mediolan-tkanina-256x371\/","title":{"rendered":"MILAN kampin\u0117 sofa su audiniu 256\u00d7371"},"content":{"rendered":"<p>\u201eMediolan\u201c kampin\u0117 sofa \u2013 tai elegancijos vir\u0161\u016bn\u0117, \u012fk\u016bnyta minimalistiniu dizainu ir moderniais sprendimais. M\u016bs\u0173 klientai m\u0117gsta \u201eMediolan\u201c d\u0117l unikalios i\u0161vaizdos. Specifikacijos: \u2013 Zigzago spyruokl\u0117s \u2013 Didelio elastingumo putplastis \u2013 Si\u016bl\u0117s \u2013 Reguliuojamos galvos atramos \u2013 Metalin\u0117s kojel\u0117s * baldai gaminami pagal u\u017esakym\u0105 \u2013 u\u017esakymo atlikimo laikas: 3\u20136 savait\u0117s<\/p>","protected":false},"excerpt":{"rendered":"<p>\u201eMediolan\u201c kampin\u0117 sofa \u2013 tai elegancijos vir\u0161\u016bn\u0117, \u012fk\u016bnyta minimalistiniu dizainu ir moderniais sprendimais. M\u016bs\u0173 klientai m\u0117gsta \u201eMediolan\u201c d\u0117l unikalios i\u0161vaizdos. Specifikacijos: \u2013 Zigzago spyruokl\u0117s \u2013 Didelio elastingumo putplastis \u2013 Si\u016bl\u0117s \u2013 Reguliuojamos galvos atramos \u2013 Metalin\u0117s kojel\u0117s * baldai gaminami pagal u\u017esakym\u0105 \u2013 u\u017esakymo atlikimo laikas: 3\u20136 savait\u0117s<\/p>","protected":false},"featured_media":143331,"comment_status":"open","ping_status":"closed","template":"","meta":[],"product_brand":[],"product_cat":[9384,616,1983,3450],"product_tag":[],"class_list":{"0":"post-143280","1":"product","2":"type-product","3":"status-publish","4":"has-post-thumbnail","6":"product_cat-corner-sofas-pyka","7":"product_cat-corners","8":"product_cat-corners-l","9":"product_cat-meble-pyka","11":"first","12":"instock","13":"shipping-taxable","14":"purchasable","15":"product-type-variable","16":"wvs-archive-product-wrapper"},"_links":{"self":[{"href":"https:\/\/baldumarket.lt\/lt\/wp-json\/wp\/v2\/product\/143280","targetHints":{"allow":["GET"]}}],"collection":[{"href":"https:\/\/baldumarket.lt\/lt\/wp-json\/wp\/v2\/product"}],"about":[{"href":"https:\/\/baldumarket.lt\/lt\/wp-json\/wp\/v2\/types\/product"}],"replies":[{"embeddable":true,"href":"https:\/\/baldumarket.lt\/lt\/wp-json\/wp\/v2\/comments?post=143280"}],"wp:featuredmedia":[{"embeddable":true,"href":"https:\/\/baldumarket.lt\/lt\/wp-json\/wp\/v2\/media\/143331"}],"wp:attachment":[{"href":"https:\/\/baldumarket.lt\/lt\/wp-json\/wp\/v2\/media?parent=143280"}],"wp:term":[{"taxonomy":"product_brand","embeddable":true,"href":"https:\/\/baldumarket.lt\/lt\/wp-json\/wp\/v2\/product_brand?post=143280"},{"taxonomy":"product_cat","embeddable":true,"href":"https:\/\/baldumarket.lt\/lt\/wp-json\/wp\/v2\/product_cat?post=143280"},{"taxonomy":"product_tag","embeddable":true,"href":"https:\/\/baldumarket.lt\/lt\/wp-json\/wp\/v2\/product_tag?post=143280"}],"curies":[{"name":"wp","href":"https:\/\/api.w.org\/{rel}","templated":true}]}}