{"id":143265,"date":"2025-12-14T01:58:05","date_gmt":"2025-12-13T22:58:05","guid":{"rendered":"https:\/\/baldumarket.lt\/?post_type=product&#038;p=143265"},"modified":"2026-02-03T23:36:30","modified_gmt":"2026-02-03T20:36:30","slug":"naroznik-malaga-290x195-davis-now-or-never-06","status":"publish","type":"product","link":"https:\/\/baldumarket.lt\/lt\/product\/naroznik-malaga-290x195-davis-now-or-never-06\/","title":{"rendered":"Kampin\u0117 sofa MALAGA 290\u00d7195 Davis Now Or Never 06"},"content":{"rendered":"<p>Kampin\u0117 sofa \u201eMalaga\u201c pasi\u017eymi paprastu, moderniu ir eleganti\u0161ku dizainu. Reguliuojami atlo\u0161ai suteikia komforto ir patogumo. Specifikacijos: - Didelio elastingumo putplastis, - Didelio elastingumo dir\u017eeliai, - Reguliuojami atlo\u0161ai, - Metalin\u0117s kojel\u0117s.<\/p>","protected":false},"excerpt":{"rendered":"<p>Kampin\u0117 sofa \u201eMalaga\u201c pasi\u017eymi paprastu, moderniu ir eleganti\u0161ku dizainu. Reguliuojami atlo\u0161ai suteikia komforto ir patogumo. Specifikacijos: - Didelio elastingumo putplastis, - Didelio elastingumo dir\u017eeliai, - Reguliuojami atlo\u0161ai, - Metalin\u0117s kojel\u0117s.<\/p>","protected":false},"featured_media":143311,"comment_status":"open","ping_status":"closed","template":"","meta":[],"product_brand":[],"product_cat":[9384,616,1983,3450],"product_tag":[],"class_list":{"0":"post-143265","1":"product","2":"type-product","3":"status-publish","4":"has-post-thumbnail","6":"product_cat-corner-sofas-pyka","7":"product_cat-corners","8":"product_cat-corners-l","9":"product_cat-meble-pyka","11":"first","12":"instock","13":"shipping-taxable","14":"purchasable","15":"product-type-variable","16":"wvs-archive-product-wrapper"},"_links":{"self":[{"href":"https:\/\/baldumarket.lt\/lt\/wp-json\/wp\/v2\/product\/143265","targetHints":{"allow":["GET"]}}],"collection":[{"href":"https:\/\/baldumarket.lt\/lt\/wp-json\/wp\/v2\/product"}],"about":[{"href":"https:\/\/baldumarket.lt\/lt\/wp-json\/wp\/v2\/types\/product"}],"replies":[{"embeddable":true,"href":"https:\/\/baldumarket.lt\/lt\/wp-json\/wp\/v2\/comments?post=143265"}],"wp:featuredmedia":[{"embeddable":true,"href":"https:\/\/baldumarket.lt\/lt\/wp-json\/wp\/v2\/media\/143311"}],"wp:attachment":[{"href":"https:\/\/baldumarket.lt\/lt\/wp-json\/wp\/v2\/media?parent=143265"}],"wp:term":[{"taxonomy":"product_brand","embeddable":true,"href":"https:\/\/baldumarket.lt\/lt\/wp-json\/wp\/v2\/product_brand?post=143265"},{"taxonomy":"product_cat","embeddable":true,"href":"https:\/\/baldumarket.lt\/lt\/wp-json\/wp\/v2\/product_cat?post=143265"},{"taxonomy":"product_tag","embeddable":true,"href":"https:\/\/baldumarket.lt\/lt\/wp-json\/wp\/v2\/product_tag?post=143265"}],"curies":[{"name":"wp","href":"https:\/\/api.w.org\/{rel}","templated":true}]}}