{"id":143261,"date":"2025-12-14T01:58:03","date_gmt":"2025-12-13T22:58:03","guid":{"rendered":"https:\/\/baldumarket.lt\/?post_type=product&#038;p=143261"},"modified":"2026-02-03T23:36:30","modified_gmt":"2026-02-03T20:36:30","slug":"naroznik-madryt-tkanina-267x200","status":"publish","type":"product","link":"https:\/\/baldumarket.lt\/lt\/product\/naroznik-madryt-tkanina-267x200\/","title":{"rendered":"MADRID kampin\u0117 sofa, audinys, 267\u00d7200"},"content":{"rendered":"<p>Kampin\u0117 sofa \u201eMadrid\u201c apjungia daug privalum\u0173. D\u0117l \u012fmontuotos vietos daiktams susid\u0117ti ji puikiai tinka tiems, kuriems reikia daugiau vietos daiktams susid\u0117ti. Dien\u0105 ji puikiai tinka kaip gul\u0117jimo vieta, o nakt\u012f \u2013 kaip patogi lova dviem suaugusiesiems. Reguliuojamos galvos atramos yra papildomas privalumas. Specifikacijos: \u2013 Zigzago spyruokl\u0117s, \u2013 Miegojimo funkcija, \u2013 Didelio elastingumo putos, \u2013 Patalyn\u0117s laikymo vieta, \u2013 Reguliuojamos galvos atramos, \u2013 Metalin\u0117s kojel\u0117s. * Bald\u0173 gamyba pagal u\u017esakym\u0105 \u2013 gamybos laikas nuo 3 iki 6 savai\u010di\u0173<\/p>","protected":false},"excerpt":{"rendered":"<p>Kampin\u0117 sofa \u201eMadrid\u201c apjungia daug privalum\u0173. D\u0117l \u012fmontuotos vietos daiktams susid\u0117ti ji puikiai tinka tiems, kuriems reikia daugiau vietos daiktams susid\u0117ti. Dien\u0105 ji puikiai tinka kaip gul\u0117jimo vieta, o nakt\u012f \u2013 kaip patogi lova dviem suaugusiesiems. Reguliuojamos galvos atramos yra papildomas privalumas. Specifikacijos: \u2013 Zigzago spyruokl\u0117s, \u2013 Miegojimo funkcija, \u2013 Didelio elastingumo putos, \u2013 [\u2026]<\/p>","protected":false},"featured_media":143291,"comment_status":"open","ping_status":"closed","template":"","meta":[],"product_brand":[],"product_cat":[9384,616,1983,3450],"product_tag":[],"class_list":{"0":"post-143261","1":"product","2":"type-product","3":"status-publish","4":"has-post-thumbnail","6":"product_cat-corner-sofas-pyka","7":"product_cat-corners","8":"product_cat-corners-l","9":"product_cat-meble-pyka","11":"first","12":"instock","13":"shipping-taxable","14":"purchasable","15":"product-type-variable","16":"wvs-archive-product-wrapper"},"_links":{"self":[{"href":"https:\/\/baldumarket.lt\/lt\/wp-json\/wp\/v2\/product\/143261","targetHints":{"allow":["GET"]}}],"collection":[{"href":"https:\/\/baldumarket.lt\/lt\/wp-json\/wp\/v2\/product"}],"about":[{"href":"https:\/\/baldumarket.lt\/lt\/wp-json\/wp\/v2\/types\/product"}],"replies":[{"embeddable":true,"href":"https:\/\/baldumarket.lt\/lt\/wp-json\/wp\/v2\/comments?post=143261"}],"wp:featuredmedia":[{"embeddable":true,"href":"https:\/\/baldumarket.lt\/lt\/wp-json\/wp\/v2\/media\/143291"}],"wp:attachment":[{"href":"https:\/\/baldumarket.lt\/lt\/wp-json\/wp\/v2\/media?parent=143261"}],"wp:term":[{"taxonomy":"product_brand","embeddable":true,"href":"https:\/\/baldumarket.lt\/lt\/wp-json\/wp\/v2\/product_brand?post=143261"},{"taxonomy":"product_cat","embeddable":true,"href":"https:\/\/baldumarket.lt\/lt\/wp-json\/wp\/v2\/product_cat?post=143261"},{"taxonomy":"product_tag","embeddable":true,"href":"https:\/\/baldumarket.lt\/lt\/wp-json\/wp\/v2\/product_tag?post=143261"}],"curies":[{"name":"wp","href":"https:\/\/api.w.org\/{rel}","templated":true}]}}