{"id":143247,"date":"2025-12-14T01:57:34","date_gmt":"2025-12-13T22:57:34","guid":{"rendered":"https:\/\/baldumarket.lt\/?post_type=product&#038;p=143247"},"modified":"2026-02-03T23:36:30","modified_gmt":"2026-02-03T20:36:30","slug":"naroznik-lido-tkanina-205x280","status":"publish","type":"product","link":"https:\/\/baldumarket.lt\/lt\/product\/naroznik-lido-tkanina-205x280\/","title":{"rendered":"LIDO kampin\u0117 sofa su audiniu 205\u00d7280"},"content":{"rendered":"<p> \u201eLido\u201c kampin\u0117 sofa \u2013 tai baldas modernaus stiliaus m\u0117g\u0117jams. \u0160i kampin\u0117 sofa apjungia daug privalum\u0173. D\u0117l \u012fmontuotos vietos daiktams susid\u0117ti ji puikiai tinka tiems, kuriems reikia papildomos vietos daiktams susid\u0117ti. Dien\u0105 ji puikiai tinka kaip gul\u0117jimo vieta, o nakt\u012f \u2013 kaip patogi lova dviem suaugusiesiems. Trys reguliuojamos galvos atramos \u2013 papildomas privalumas. Specifikacijos: \u2013 Zigzago spyruokl\u0117s, \u2013 Didelio elastingumo porolonas, \u2013 Miegojimo funkcija, \u2013 Patalyn\u0117s laikymo vieta, \u2013 Reguliuojamos galvos atramos, \u2013 Juodos metalin\u0117s kojel\u0117s. * baldai gaminami pagal u\u017esakym\u0105 \u2013 gamybos laikas nuo 3 iki 6 savai\u010di\u0173 <\/p>","protected":false},"excerpt":{"rendered":"<p>\u201eLido\u201c kampin\u0117 sofa \u2013 tai baldas modernaus stiliaus m\u0117g\u0117jams. \u0160i kampin\u0117 sofa apjungia daug privalum\u0173. D\u0117l \u012fmontuotos vietos daiktams susid\u0117ti ji puikiai tinka tiems, kuriems reikia papildomos vietos daiktams susid\u0117ti. Dien\u0105 ji puikiai tinka kaip gultas, o nakt\u012f \u2013 kaip patogi lova dviem suaugusiesiems. Trys reguliuojami [\u2026]<\/p>","protected":false},"featured_media":143276,"comment_status":"open","ping_status":"closed","template":"","meta":[],"product_brand":[],"product_cat":[9384,616,1983,3450],"product_tag":[],"class_list":{"0":"post-143247","1":"product","2":"type-product","3":"status-publish","4":"has-post-thumbnail","6":"product_cat-corner-sofas-pyka","7":"product_cat-corners","8":"product_cat-corners-l","9":"product_cat-meble-pyka","11":"first","12":"instock","13":"shipping-taxable","14":"purchasable","15":"product-type-variable","16":"wvs-archive-product-wrapper"},"_links":{"self":[{"href":"https:\/\/baldumarket.lt\/lt\/wp-json\/wp\/v2\/product\/143247","targetHints":{"allow":["GET"]}}],"collection":[{"href":"https:\/\/baldumarket.lt\/lt\/wp-json\/wp\/v2\/product"}],"about":[{"href":"https:\/\/baldumarket.lt\/lt\/wp-json\/wp\/v2\/types\/product"}],"replies":[{"embeddable":true,"href":"https:\/\/baldumarket.lt\/lt\/wp-json\/wp\/v2\/comments?post=143247"}],"wp:featuredmedia":[{"embeddable":true,"href":"https:\/\/baldumarket.lt\/lt\/wp-json\/wp\/v2\/media\/143276"}],"wp:attachment":[{"href":"https:\/\/baldumarket.lt\/lt\/wp-json\/wp\/v2\/media?parent=143247"}],"wp:term":[{"taxonomy":"product_brand","embeddable":true,"href":"https:\/\/baldumarket.lt\/lt\/wp-json\/wp\/v2\/product_brand?post=143247"},{"taxonomy":"product_cat","embeddable":true,"href":"https:\/\/baldumarket.lt\/lt\/wp-json\/wp\/v2\/product_cat?post=143247"},{"taxonomy":"product_tag","embeddable":true,"href":"https:\/\/baldumarket.lt\/lt\/wp-json\/wp\/v2\/product_tag?post=143247"}],"curies":[{"name":"wp","href":"https:\/\/api.w.org\/{rel}","templated":true}]}}