{"id":143241,"date":"2025-12-14T01:57:32","date_gmt":"2025-12-13T22:57:32","guid":{"rendered":"https:\/\/baldumarket.lt\/?post_type=product&#038;p=143241"},"modified":"2026-02-03T23:36:31","modified_gmt":"2026-02-03T20:36:31","slug":"naroznik-lido-280x205-davis-seal-93","status":"publish","type":"product","link":"https:\/\/baldumarket.lt\/lt\/product\/naroznik-lido-280x205-davis-seal-93\/","title":{"rendered":"kampin\u0117 LIDO 280\u00d7205 Davis Seal 93"},"content":{"rendered":"<p>Tai puikus baldas modernaus stiliaus m\u0117g\u0117jams. \u0160i kampin\u0117 sofa apjungia daug privalum\u0173. D\u0117l \u012fmontuotos vietos daiktams susid\u0117ti ji puikiai tinka tiems, kuriems reikia papildomos vietos daiktams susid\u0117ti. Dien\u0105 ji puikiai tinka poilsiui, o nakt\u012f suteikia patogi\u0105 lov\u0105 dviem suaugusiesiems. Reguliuojamos galvos atramos yra papildomas privalumas. Specifikacijos: - Kavalerio spyruokl\u0117s - Didelio elastingumo putos, - Miego funkcija, - Patalyn\u0117s laikymo vieta, - Reguliuojamos galvos atramos, - Juodos metalin\u0117s kojel\u0117s<\/p>","protected":false},"excerpt":{"rendered":"<p>Tai puikus baldas modernaus stiliaus m\u0117g\u0117jams. \u0160i kampin\u0117 sofa apjungia daug privalum\u0173. D\u0117l \u012fmontuotos vietos daiktams susid\u0117ti ji puikiai tinka tiems, kuriems reikia papildomos vietos daiktams susid\u0117ti. Dien\u0105 ji puikiai tinka poilsiui, o nakt\u012f suteikia patogi\u0105 lov\u0105 dviem suaugusiesiems. Reguliuojamos galvos atramos yra papildomas [\u2026]<\/p>","protected":false},"featured_media":143270,"comment_status":"open","ping_status":"closed","template":"","meta":[],"product_brand":[],"product_cat":[9384,616,1983,3450],"product_tag":[],"class_list":{"0":"post-143241","1":"product","2":"type-product","3":"status-publish","4":"has-post-thumbnail","6":"product_cat-corner-sofas-pyka","7":"product_cat-corners","8":"product_cat-corners-l","9":"product_cat-meble-pyka","11":"first","12":"instock","13":"shipping-taxable","14":"purchasable","15":"product-type-variable","16":"wvs-archive-product-wrapper"},"_links":{"self":[{"href":"https:\/\/baldumarket.lt\/lt\/wp-json\/wp\/v2\/product\/143241","targetHints":{"allow":["GET"]}}],"collection":[{"href":"https:\/\/baldumarket.lt\/lt\/wp-json\/wp\/v2\/product"}],"about":[{"href":"https:\/\/baldumarket.lt\/lt\/wp-json\/wp\/v2\/types\/product"}],"replies":[{"embeddable":true,"href":"https:\/\/baldumarket.lt\/lt\/wp-json\/wp\/v2\/comments?post=143241"}],"wp:featuredmedia":[{"embeddable":true,"href":"https:\/\/baldumarket.lt\/lt\/wp-json\/wp\/v2\/media\/143270"}],"wp:attachment":[{"href":"https:\/\/baldumarket.lt\/lt\/wp-json\/wp\/v2\/media?parent=143241"}],"wp:term":[{"taxonomy":"product_brand","embeddable":true,"href":"https:\/\/baldumarket.lt\/lt\/wp-json\/wp\/v2\/product_brand?post=143241"},{"taxonomy":"product_cat","embeddable":true,"href":"https:\/\/baldumarket.lt\/lt\/wp-json\/wp\/v2\/product_cat?post=143241"},{"taxonomy":"product_tag","embeddable":true,"href":"https:\/\/baldumarket.lt\/lt\/wp-json\/wp\/v2\/product_tag?post=143241"}],"curies":[{"name":"wp","href":"https:\/\/api.w.org\/{rel}","templated":true}]}}