{"id":143231,"date":"2025-12-14T01:57:05","date_gmt":"2025-12-13T22:57:05","guid":{"rendered":"https:\/\/baldumarket.lt\/?post_type=product&#038;p=143231"},"modified":"2026-02-03T23:36:32","modified_gmt":"2026-02-03T20:36:32","slug":"naroznik-lagos-182x262-massiv-ev-15","status":"publish","type":"product","link":"https:\/\/baldumarket.lt\/lt\/product\/naroznik-lagos-182x262-massiv-ev-15\/","title":{"rendered":"LAGOS kampin\u0117 sofa 182\u00d7262 Massiv EV 15"},"content":{"rendered":"<p>\u201eLagos\u201c kampin\u0117 sofa \u2013 tai elegancijos vir\u0161\u016bn\u0117, \u012fk\u016bnyta minimalistiniu dizainu ir moderniais sprendimais. M\u016bs\u0173 klientai m\u0117gsta \u0161i\u0105 kampin\u0119 sof\u0105 d\u0117l unikalios i\u0161vaizdos ir modernaus dizaino. Specifikacijos: - \u201eCavalry\u201c spyruokl\u0117s, - didelio elastingumo HR putplastis, - auksin\u0117s metalin\u0117s kojel\u0117s, - n\u0117ra reguliuojam\u0173 atlo\u0161\u0173 ar poranki\u0173.<\/p>","protected":false},"excerpt":{"rendered":"<p>\u201eLagos\u201c kampin\u0117 sofa \u2013 tai elegancijos vir\u0161\u016bn\u0117, \u012fk\u016bnyta minimalistiniu dizainu ir moderniais sprendimais. M\u016bs\u0173 klientai m\u0117gsta \u0161i\u0105 kampin\u0119 sof\u0105 d\u0117l unikalios i\u0161vaizdos ir modernaus dizaino. Specifikacijos: - \u201eCavalry\u201c spyruokl\u0117s, - didelio elastingumo HR putplastis, - auksin\u0117s metalin\u0117s kojel\u0117s, - n\u0117ra reguliuojam\u0173 atlo\u0161\u0173 ar poranki\u0173.<\/p>","protected":false},"featured_media":143253,"comment_status":"open","ping_status":"closed","template":"","meta":[],"product_brand":[],"product_cat":[9384,616,1983,3450],"product_tag":[],"class_list":{"0":"post-143231","1":"product","2":"type-product","3":"status-publish","4":"has-post-thumbnail","6":"product_cat-corner-sofas-pyka","7":"product_cat-corners","8":"product_cat-corners-l","9":"product_cat-meble-pyka","11":"first","12":"instock","13":"shipping-taxable","14":"purchasable","15":"product-type-variable","16":"wvs-archive-product-wrapper"},"_links":{"self":[{"href":"https:\/\/baldumarket.lt\/lt\/wp-json\/wp\/v2\/product\/143231","targetHints":{"allow":["GET"]}}],"collection":[{"href":"https:\/\/baldumarket.lt\/lt\/wp-json\/wp\/v2\/product"}],"about":[{"href":"https:\/\/baldumarket.lt\/lt\/wp-json\/wp\/v2\/types\/product"}],"replies":[{"embeddable":true,"href":"https:\/\/baldumarket.lt\/lt\/wp-json\/wp\/v2\/comments?post=143231"}],"wp:featuredmedia":[{"embeddable":true,"href":"https:\/\/baldumarket.lt\/lt\/wp-json\/wp\/v2\/media\/143253"}],"wp:attachment":[{"href":"https:\/\/baldumarket.lt\/lt\/wp-json\/wp\/v2\/media?parent=143231"}],"wp:term":[{"taxonomy":"product_brand","embeddable":true,"href":"https:\/\/baldumarket.lt\/lt\/wp-json\/wp\/v2\/product_brand?post=143231"},{"taxonomy":"product_cat","embeddable":true,"href":"https:\/\/baldumarket.lt\/lt\/wp-json\/wp\/v2\/product_cat?post=143231"},{"taxonomy":"product_tag","embeddable":true,"href":"https:\/\/baldumarket.lt\/lt\/wp-json\/wp\/v2\/product_tag?post=143231"}],"curies":[{"name":"wp","href":"https:\/\/api.w.org\/{rel}","templated":true}]}}