{"id":143165,"date":"2025-12-14T01:55:29","date_gmt":"2025-12-13T22:55:29","guid":{"rendered":"https:\/\/baldumarket.lt\/?post_type=product&#038;p=143165"},"modified":"2026-04-08T15:59:23","modified_gmt":"2026-04-08T12:59:23","slug":"naroznik-etna-ii-skora-190x250","status":"publish","type":"product","link":"https:\/\/baldumarket.lt\/lt\/product\/naroznik-etna-ii-skora-190x250\/","title":{"rendered":"ETNA II kampin\u0117 sofa, odin\u0117, 190\u00d7250"},"content":{"rendered":"<p>Specifikacijos: \u2013 Zigzago spyruokl\u0117s \u2013 Didelio elastingumo HR putplastis \u2013 Si\u016bl\u0117s \u2013 Reguliuojamos galvos atramos \u2013 Metalin\u0117s kojel\u0117s * baldai gaminami pagal u\u017esakym\u0105 \u2013 u\u017esakymo \u012fvykdymo laikas: 3\u20135 savait\u0117s<\/p>","protected":false},"excerpt":{"rendered":"<p>Specifikacijos: \u2013 Zigzago spyruokl\u0117s \u2013 Didelio elastingumo HR putplastis \u2013 Si\u016bl\u0117s \u2013 Reguliuojamos galvos atramos \u2013 Metalin\u0117s kojel\u0117s * baldai gaminami pagal u\u017esakym\u0105 \u2013 u\u017esakymo \u012fvykdymo laikas: 3\u20135 savait\u0117s<\/p>","protected":false},"featured_media":143216,"comment_status":"open","ping_status":"closed","template":"","meta":[],"product_brand":[],"product_cat":[9384,9365,616,3450],"product_tag":[],"class_list":{"0":"post-143165","1":"product","2":"type-product","3":"status-publish","4":"has-post-thumbnail","6":"product_cat-corner-sofas-pyka","7":"product_cat-etna-pyka-upholstered-furniture","8":"product_cat-corners","9":"product_cat-meble-pyka","11":"first","12":"instock","13":"shipping-taxable","14":"purchasable","15":"product-type-variable","16":"wvs-archive-product-wrapper"},"_links":{"self":[{"href":"https:\/\/baldumarket.lt\/lt\/wp-json\/wp\/v2\/product\/143165","targetHints":{"allow":["GET"]}}],"collection":[{"href":"https:\/\/baldumarket.lt\/lt\/wp-json\/wp\/v2\/product"}],"about":[{"href":"https:\/\/baldumarket.lt\/lt\/wp-json\/wp\/v2\/types\/product"}],"replies":[{"embeddable":true,"href":"https:\/\/baldumarket.lt\/lt\/wp-json\/wp\/v2\/comments?post=143165"}],"wp:featuredmedia":[{"embeddable":true,"href":"https:\/\/baldumarket.lt\/lt\/wp-json\/wp\/v2\/media\/143216"}],"wp:attachment":[{"href":"https:\/\/baldumarket.lt\/lt\/wp-json\/wp\/v2\/media?parent=143165"}],"wp:term":[{"taxonomy":"product_brand","embeddable":true,"href":"https:\/\/baldumarket.lt\/lt\/wp-json\/wp\/v2\/product_brand?post=143165"},{"taxonomy":"product_cat","embeddable":true,"href":"https:\/\/baldumarket.lt\/lt\/wp-json\/wp\/v2\/product_cat?post=143165"},{"taxonomy":"product_tag","embeddable":true,"href":"https:\/\/baldumarket.lt\/lt\/wp-json\/wp\/v2\/product_tag?post=143165"}],"curies":[{"name":"wp","href":"https:\/\/api.w.org\/{rel}","templated":true}]}}