{"id":143120,"date":"2025-12-14T01:54:33","date_gmt":"2025-12-13T22:54:33","guid":{"rendered":"https:\/\/baldumarket.lt\/?post_type=product&#038;p=143120"},"modified":"2026-02-03T23:36:34","modified_gmt":"2026-02-03T20:36:34","slug":"naroznik-enzo-skora-260x260","status":"publish","type":"product","link":"https:\/\/baldumarket.lt\/lt\/product\/naroznik-enzo-skora-260x260\/","title":{"rendered":"ENZO kampin\u0117 sofa, odin\u0117, 260\u00d7260"},"content":{"rendered":"<p>Moderni kampin\u0117 sofa \u201eEnzo\u201c, d\u0117l savo paprastos formos ir gerai pamink\u0161tinto u\u017epildo, yra puikus baldas poilsiui. Subtilus chromuotas pavir\u0161ius suteikia elegancijos ir modernumo. Papildomas \u0161ios kampin\u0117s sofos privalumas \u2013 du porankiuose pasl\u0117pti taburet\u0117s. Specifikacijos: \u2013 Zigzago spyruokl\u0117s \u2013 Didelio elastingumo putos \u2013 Miegojimo funkcija \u2013 Reguliuojamos galvos atramos \u2013 Metalin\u0117s kojel\u0117s * baldai gaminami pagal u\u017esakym\u0105 \u2013 u\u017esakymo vykdymo laikas 3\u20135 savait\u0117s<\/p>","protected":false},"excerpt":{"rendered":"<p>Moderni kampin\u0117 sofa \u201eEnzo\u201c, d\u0117l savo paprastos formos ir gerai pamink\u0161tinto u\u017epildo, yra puikus baldas poilsiui. Subtilus chromuotas pavir\u0161ius suteikia elegancijos ir modernumo. Papildomas \u0161ios kampin\u0117s sofos privalumas \u2013 du taburet\u0117s, pasl\u0117ptos porankiuose. Specifikacijos: \u2013 Zigzago spyruokl\u0117s \u2013 Didelio elastingumo putos \u2013 Miegojimo funkcija \u2013 [\u2026]<\/p>","protected":false},"featured_media":143175,"comment_status":"open","ping_status":"closed","template":"","meta":[],"product_brand":[],"product_cat":[9384,616,1983,3450],"product_tag":[],"class_list":{"0":"post-143120","1":"product","2":"type-product","3":"status-publish","4":"has-post-thumbnail","6":"product_cat-corner-sofas-pyka","7":"product_cat-corners","8":"product_cat-corners-l","9":"product_cat-meble-pyka","11":"first","12":"instock","13":"shipping-taxable","14":"purchasable","15":"product-type-variable","16":"wvs-archive-product-wrapper"},"_links":{"self":[{"href":"https:\/\/baldumarket.lt\/lt\/wp-json\/wp\/v2\/product\/143120","targetHints":{"allow":["GET"]}}],"collection":[{"href":"https:\/\/baldumarket.lt\/lt\/wp-json\/wp\/v2\/product"}],"about":[{"href":"https:\/\/baldumarket.lt\/lt\/wp-json\/wp\/v2\/types\/product"}],"replies":[{"embeddable":true,"href":"https:\/\/baldumarket.lt\/lt\/wp-json\/wp\/v2\/comments?post=143120"}],"wp:featuredmedia":[{"embeddable":true,"href":"https:\/\/baldumarket.lt\/lt\/wp-json\/wp\/v2\/media\/143175"}],"wp:attachment":[{"href":"https:\/\/baldumarket.lt\/lt\/wp-json\/wp\/v2\/media?parent=143120"}],"wp:term":[{"taxonomy":"product_brand","embeddable":true,"href":"https:\/\/baldumarket.lt\/lt\/wp-json\/wp\/v2\/product_brand?post=143120"},{"taxonomy":"product_cat","embeddable":true,"href":"https:\/\/baldumarket.lt\/lt\/wp-json\/wp\/v2\/product_cat?post=143120"},{"taxonomy":"product_tag","embeddable":true,"href":"https:\/\/baldumarket.lt\/lt\/wp-json\/wp\/v2\/product_tag?post=143120"}],"curies":[{"name":"wp","href":"https:\/\/api.w.org\/{rel}","templated":true}]}}