{"id":143086,"date":"2025-12-14T01:53:36","date_gmt":"2025-12-13T22:53:36","guid":{"rendered":"https:\/\/baldumarket.lt\/?post_type=product&#038;p=143086"},"modified":"2026-02-03T23:36:53","modified_gmt":"2026-02-03T20:36:53","slug":"naroznik-enzo-316x260-madras-cappucinno","status":"publish","type":"product","link":"https:\/\/baldumarket.lt\/lt\/product\/naroznik-enzo-316x260-madras-cappucinno\/","title":{"rendered":"ENZO kampin\u0117 sofa 316&#215;260 Madras Cappuccino"},"content":{"rendered":"<p>Moderni kampin\u0117 sofa \u201eEnzo\u201c, d\u0117l savo paprastos formos ir gerai pamink\u0161tinto vidaus, yra puikus baldas poilsiui. Subtilus chromuotas pavir\u0161ius suteikia elegancijos ir modernumo. Papildoma \u0161ios kampin\u0117s sofos ypatyb\u0117 \u2013 du sulankstomi pufai, \u012fmontuoti porankiuose. Specifikacijos: - \u201eCavalry\u201c spyruokl\u0117s, - Didelio elastingumo putplastis, - Sulankstomi pufai, \u012fmontuoti porankiuose, - Dvi galvos atramos, - Metalin\u0117s kojel\u0117s.<\/p>","protected":false},"excerpt":{"rendered":"<p>Moderni kampin\u0117 sofa \u201eEnzo\u201c, d\u0117l savo paprastos formos ir gerai pamink\u0161tinto vidaus, yra puikus baldas poilsiui. Subtilus chromuotas pavir\u0161ius suteikia elegancijos ir modernumo. Papildoma \u0161ios kampin\u0117s sofos ypatyb\u0117 \u2013 du sulankstomi pufai, \u012fmontuoti porankiuose. Specifikacijos: - \u201eCavalry\u201c spyruokl\u0117s, - Didelio elastingumo putplastis, - Sulankstomi pufai, \u012fmontuoti [\u2026]<\/p>","protected":false},"featured_media":143154,"comment_status":"open","ping_status":"closed","template":"","meta":[],"product_brand":[],"product_cat":[9384,616,1983,3450],"product_tag":[],"class_list":{"0":"post-143086","1":"product","2":"type-product","3":"status-publish","4":"has-post-thumbnail","6":"product_cat-corner-sofas-pyka","7":"product_cat-corners","8":"product_cat-corners-l","9":"product_cat-meble-pyka","11":"first","12":"instock","13":"shipping-taxable","14":"purchasable","15":"product-type-variable","16":"wvs-archive-product-wrapper"},"_links":{"self":[{"href":"https:\/\/baldumarket.lt\/lt\/wp-json\/wp\/v2\/product\/143086","targetHints":{"allow":["GET"]}}],"collection":[{"href":"https:\/\/baldumarket.lt\/lt\/wp-json\/wp\/v2\/product"}],"about":[{"href":"https:\/\/baldumarket.lt\/lt\/wp-json\/wp\/v2\/types\/product"}],"replies":[{"embeddable":true,"href":"https:\/\/baldumarket.lt\/lt\/wp-json\/wp\/v2\/comments?post=143086"}],"wp:featuredmedia":[{"embeddable":true,"href":"https:\/\/baldumarket.lt\/lt\/wp-json\/wp\/v2\/media\/143154"}],"wp:attachment":[{"href":"https:\/\/baldumarket.lt\/lt\/wp-json\/wp\/v2\/media?parent=143086"}],"wp:term":[{"taxonomy":"product_brand","embeddable":true,"href":"https:\/\/baldumarket.lt\/lt\/wp-json\/wp\/v2\/product_brand?post=143086"},{"taxonomy":"product_cat","embeddable":true,"href":"https:\/\/baldumarket.lt\/lt\/wp-json\/wp\/v2\/product_cat?post=143086"},{"taxonomy":"product_tag","embeddable":true,"href":"https:\/\/baldumarket.lt\/lt\/wp-json\/wp\/v2\/product_tag?post=143086"}],"curies":[{"name":"wp","href":"https:\/\/api.w.org\/{rel}","templated":true}]}}