{"id":143061,"date":"2025-12-14T01:53:03","date_gmt":"2025-12-13T22:53:03","guid":{"rendered":"https:\/\/baldumarket.lt\/?post_type=product&#038;p=143061"},"modified":"2026-02-03T23:36:54","modified_gmt":"2026-02-03T20:36:54","slug":"naroznik-como-195x290-madras-punch-elephant","status":"publish","type":"product","link":"https:\/\/baldumarket.lt\/lt\/product\/naroznik-como-195x290-madras-punch-elephant\/","title":{"rendered":"COMO kampin\u0117 sofa 195\u00d7290 Madras Punch Elephant"},"content":{"rendered":"<p>Kampin\u0117 sofa \u201eComo\u201c \u2013 tai baldas ie\u0161kantiems modernaus ir eleganti\u0161ko poilsio. Reguliuojami atlo\u0161ai suteikia puik\u0173 komfort\u0105, o auk\u0161tos juodos kojel\u0117s suteikia lengvumo ir unikalios i\u0161vaizdos. Specifikacijos: - Gofruotos spyruokl\u0117s, - Didelio elastingumo putplastis, - Judantys atlo\u0161ai, galvos atramos ir porankiai, - Juodos metalin\u0117s kojel\u0117s. <\/p>","protected":false},"excerpt":{"rendered":"<p>Kampin\u0117 sofa \u201eComo\u201c \u2013 tai baldas ie\u0161kantiems modernaus ir eleganti\u0161ko poilsio. Reguliuojami atlo\u0161ai suteikia puik\u0173 komfort\u0105, o auk\u0161tos juodos kojel\u0117s suteikia lengvumo ir unikalios i\u0161vaizdos. Specifikacijos: - Gofruotos spyruokl\u0117s, - Didelio elastingumo putplastis, - Judantys atlo\u0161ai, galvos atramos ir porankiai, - Juodos metalin\u0117s kojel\u0117s.<\/p>","protected":false},"featured_media":143129,"comment_status":"open","ping_status":"closed","template":"","meta":[],"product_brand":[],"product_cat":[9384,616,1983,3450],"product_tag":[],"class_list":{"0":"post-143061","1":"product","2":"type-product","3":"status-publish","4":"has-post-thumbnail","6":"product_cat-corner-sofas-pyka","7":"product_cat-corners","8":"product_cat-corners-l","9":"product_cat-meble-pyka","11":"first","12":"instock","13":"shipping-taxable","14":"purchasable","15":"product-type-variable","16":"wvs-archive-product-wrapper"},"_links":{"self":[{"href":"https:\/\/baldumarket.lt\/lt\/wp-json\/wp\/v2\/product\/143061","targetHints":{"allow":["GET"]}}],"collection":[{"href":"https:\/\/baldumarket.lt\/lt\/wp-json\/wp\/v2\/product"}],"about":[{"href":"https:\/\/baldumarket.lt\/lt\/wp-json\/wp\/v2\/types\/product"}],"replies":[{"embeddable":true,"href":"https:\/\/baldumarket.lt\/lt\/wp-json\/wp\/v2\/comments?post=143061"}],"wp:featuredmedia":[{"embeddable":true,"href":"https:\/\/baldumarket.lt\/lt\/wp-json\/wp\/v2\/media\/143129"}],"wp:attachment":[{"href":"https:\/\/baldumarket.lt\/lt\/wp-json\/wp\/v2\/media?parent=143061"}],"wp:term":[{"taxonomy":"product_brand","embeddable":true,"href":"https:\/\/baldumarket.lt\/lt\/wp-json\/wp\/v2\/product_brand?post=143061"},{"taxonomy":"product_cat","embeddable":true,"href":"https:\/\/baldumarket.lt\/lt\/wp-json\/wp\/v2\/product_cat?post=143061"},{"taxonomy":"product_tag","embeddable":true,"href":"https:\/\/baldumarket.lt\/lt\/wp-json\/wp\/v2\/product_tag?post=143061"}],"curies":[{"name":"wp","href":"https:\/\/api.w.org\/{rel}","templated":true}]}}