{"id":143059,"date":"2025-12-14T01:53:02","date_gmt":"2025-12-13T22:53:02","guid":{"rendered":"https:\/\/baldumarket.lt\/?post_type=product&#038;p=143059"},"modified":"2026-02-03T23:36:54","modified_gmt":"2026-02-03T20:36:54","slug":"naroznik-como-195x290-bachlinski-whisper-17","status":"publish","type":"product","link":"https:\/\/baldumarket.lt\/lt\/product\/naroznik-como-195x290-bachlinski-whisper-17\/","title":{"rendered":"COMO kampin\u0117 sofa 195\u00d7290 Bachli\u0144ski Whisper 17"},"content":{"rendered":"<p>Kampin\u0117 sofa \u201eComo\u201c \u2013 tai baldas ie\u0161kantiems modernaus ir eleganti\u0161ko poilsio. Reguliuojami atlo\u0161ai suteikia puik\u0173 komfort\u0105, o auk\u0161tos juodos kojel\u0117s \u2013 lengvumo ir unikalios i\u0161vaizdos. Specifikacijos: \u2013 Zigzago spyruokl\u0117s, \u2013 Didelio elastingumo putplastis, \u2013 Reguliuojami atlo\u0161ai, galvos atramos ir porankiai, \u2013 Juodos metalin\u0117s kojel\u0117s, \u2013 \u012e komplekt\u0105 \u012feina laisvai stovintis pufas.  <\/p>","protected":false},"excerpt":{"rendered":"<p>Kampin\u0117 sofa \u201eComo\u201c \u2013 tai baldas ie\u0161kantiems modernaus ir eleganti\u0161ko poilsio. Reguliuojami atlo\u0161ai suteikia puik\u0173 komfort\u0105, o auk\u0161tos juodos kojel\u0117s \u2013 lengvumo ir unikalios i\u0161vaizdos. Specifikacijos: \u2013 Zigzago spyruokl\u0117s, \u2013 Didelio elastingumo putplastis, \u2013 Reguliuojami atlo\u0161ai, galvos atramos ir porankiai, \u2013 Juodos metalin\u0117s kojel\u0117s, \u2013 \u012e komplekt\u0105 \u012feina laisvai stovintis pufas.<\/p>","protected":false},"featured_media":143111,"comment_status":"open","ping_status":"closed","template":"","meta":[],"product_brand":[],"product_cat":[9384,616,1983,3450],"product_tag":[],"class_list":{"0":"post-143059","1":"product","2":"type-product","3":"status-publish","4":"has-post-thumbnail","6":"product_cat-corner-sofas-pyka","7":"product_cat-corners","8":"product_cat-corners-l","9":"product_cat-meble-pyka","11":"first","12":"instock","13":"shipping-taxable","14":"purchasable","15":"product-type-variable","16":"wvs-archive-product-wrapper"},"_links":{"self":[{"href":"https:\/\/baldumarket.lt\/lt\/wp-json\/wp\/v2\/product\/143059","targetHints":{"allow":["GET"]}}],"collection":[{"href":"https:\/\/baldumarket.lt\/lt\/wp-json\/wp\/v2\/product"}],"about":[{"href":"https:\/\/baldumarket.lt\/lt\/wp-json\/wp\/v2\/types\/product"}],"replies":[{"embeddable":true,"href":"https:\/\/baldumarket.lt\/lt\/wp-json\/wp\/v2\/comments?post=143059"}],"wp:featuredmedia":[{"embeddable":true,"href":"https:\/\/baldumarket.lt\/lt\/wp-json\/wp\/v2\/media\/143111"}],"wp:attachment":[{"href":"https:\/\/baldumarket.lt\/lt\/wp-json\/wp\/v2\/media?parent=143059"}],"wp:term":[{"taxonomy":"product_brand","embeddable":true,"href":"https:\/\/baldumarket.lt\/lt\/wp-json\/wp\/v2\/product_brand?post=143059"},{"taxonomy":"product_cat","embeddable":true,"href":"https:\/\/baldumarket.lt\/lt\/wp-json\/wp\/v2\/product_cat?post=143059"},{"taxonomy":"product_tag","embeddable":true,"href":"https:\/\/baldumarket.lt\/lt\/wp-json\/wp\/v2\/product_tag?post=143059"}],"curies":[{"name":"wp","href":"https:\/\/api.w.org\/{rel}","templated":true}]}}