{"id":143031,"date":"2025-12-14T01:52:34","date_gmt":"2025-12-13T22:52:34","guid":{"rendered":"https:\/\/baldumarket.lt\/?post_type=product&#038;p=143031"},"modified":"2026-02-03T23:36:54","modified_gmt":"2026-02-03T20:36:54","slug":"naroznik-cayenne-tkanina-180x275","status":"publish","type":"product","link":"https:\/\/baldumarket.lt\/lt\/product\/naroznik-cayenne-tkanina-180x275\/","title":{"rendered":"CAYENNE kampin\u0117 sofa, audinys, 180\u00d7275"},"content":{"rendered":"<p>Paprastas \u201eCayenne\u201c kampin\u0117s sofos linijas pary\u0161kina unikal\u016bs porankiai ir reguliuojamos galvos atramos. Kampin\u0117 sofa turi daugelio klient\u0173 pam\u0117gt\u0105 \u0161ezlong\u0105. Paprasta forma puikiai papildys su aistra sukurt\u0105 interjer\u0105. Specifikacijos: \u2013 Zigzago spyruokl\u0117s, \u2013 Miegojimo funkcija, \u2013 Didelio elastingumo putplastis, \u2013 Daiktad\u0117\u017e\u0117, \u2013 Reguliuojamos galvos atramos, \u2013 Metalin\u0117s kojel\u0117s. * Baldai gaminami pagal u\u017esakym\u0105 \u2013 u\u017esakymo gamybos laikas yra 4\u20138 savait\u0117s.<\/p>","protected":false},"excerpt":{"rendered":"<p>Paprastas \u201eCayenne\u201c kampin\u0117s sofos linijas pary\u0161kina unikal\u016bs porankiai ir reguliuojamos galvos atramos. Kampin\u0117 sofa turi daugelio klient\u0173 pam\u0117gt\u0105 \u0161ezlong\u0105. Paprasta forma puikiai papildys su aistra sukurt\u0105 interjer\u0105. Specifikacijos: \u2013 Zigzago spyruokl\u0117s, \u2013 Miegojimo funkcija, \u2013 Didelio elastingumo putplastis, \u2013 Daiktad\u0117\u017e\u0117, \u2013 Reguliuojamos galvos atramos, \u2013 Metalin\u0117s [\u2026]<\/p>","protected":false},"featured_media":143108,"comment_status":"open","ping_status":"closed","template":"","meta":[],"product_brand":[],"product_cat":[9384,616,1983,3450],"product_tag":[],"class_list":{"0":"post-143031","1":"product","2":"type-product","3":"status-publish","4":"has-post-thumbnail","6":"product_cat-corner-sofas-pyka","7":"product_cat-corners","8":"product_cat-corners-l","9":"product_cat-meble-pyka","11":"first","12":"instock","13":"shipping-taxable","14":"purchasable","15":"product-type-variable","16":"wvs-archive-product-wrapper"},"_links":{"self":[{"href":"https:\/\/baldumarket.lt\/lt\/wp-json\/wp\/v2\/product\/143031","targetHints":{"allow":["GET"]}}],"collection":[{"href":"https:\/\/baldumarket.lt\/lt\/wp-json\/wp\/v2\/product"}],"about":[{"href":"https:\/\/baldumarket.lt\/lt\/wp-json\/wp\/v2\/types\/product"}],"replies":[{"embeddable":true,"href":"https:\/\/baldumarket.lt\/lt\/wp-json\/wp\/v2\/comments?post=143031"}],"wp:featuredmedia":[{"embeddable":true,"href":"https:\/\/baldumarket.lt\/lt\/wp-json\/wp\/v2\/media\/143108"}],"wp:attachment":[{"href":"https:\/\/baldumarket.lt\/lt\/wp-json\/wp\/v2\/media?parent=143031"}],"wp:term":[{"taxonomy":"product_brand","embeddable":true,"href":"https:\/\/baldumarket.lt\/lt\/wp-json\/wp\/v2\/product_brand?post=143031"},{"taxonomy":"product_cat","embeddable":true,"href":"https:\/\/baldumarket.lt\/lt\/wp-json\/wp\/v2\/product_cat?post=143031"},{"taxonomy":"product_tag","embeddable":true,"href":"https:\/\/baldumarket.lt\/lt\/wp-json\/wp\/v2\/product_tag?post=143031"}],"curies":[{"name":"wp","href":"https:\/\/api.w.org\/{rel}","templated":true}]}}