{"id":143025,"date":"2025-12-14T01:52:31","date_gmt":"2025-12-13T22:52:31","guid":{"rendered":"https:\/\/baldumarket.lt\/?post_type=product&#038;p=143025"},"modified":"2026-02-03T23:36:55","modified_gmt":"2026-02-03T20:36:55","slug":"naroznik-cayenne-ii-270x290-madras-punch-olive","status":"publish","type":"product","link":"https:\/\/baldumarket.lt\/lt\/product\/naroznik-cayenne-ii-270x290-madras-punch-olive\/","title":{"rendered":"CAYENNE II kampin\u0117 sofa 270\u00d7290 Madras Punch Olive"},"content":{"rendered":"<p>\u201eCayenne\u201c kampin\u0117 sofa pasi\u017eymi moderniu, ta\u010diau unikaliu dizainu. D\u0117l savo i\u0161vaizdos ji puikiai tinka tiek paprastiems, tiek didesniems interjerams. Specifikacijos: \u2013 zigzago spyruokl\u0117s, \u2013 labai elastingas HR putplastis, \u2013 reguliuojamos galvos atramos, \u2013 kasdienio miegojimo funkcija, \u2013 pritvirtinamas pufas su daiktad\u0117\u017ee, \u2013 juoda lempa, \u2013 indukcinis \u012fkroviklis ir USB jungtis, \u2013 sidabrin\u0117s metalin\u0117s kojel\u0117s, \u2013 aptraukta \u201ePunch Olive\u201c oda<\/p>","protected":false},"excerpt":{"rendered":"<p>\u201eCayenne\u201c kampin\u0117 sofa pasi\u017eymi moderniu, ta\u010diau unikaliu dizainu. D\u0117l savo i\u0161vaizdos ji puikiai tinka tiek paprastiems, tiek didesniems interjerams. Specifikacijos: \u2013 zigzago spyruokl\u0117s, \u2013 labai elastingas HR putplastis, \u2013 reguliuojamos galvos atramos, \u2013 kasdienio miegojimo funkcija, \u2013 pritvirtinamas pufas su daiktad\u0117\u017ee, \u2013 juoda lempa, \u2013 indukcinis \u012fkroviklis ir USB jungtis, \u2013 sidabrin\u0117s metalin\u0117s kojel\u0117s, [\u2026]<\/p>","protected":false},"featured_media":143095,"comment_status":"open","ping_status":"closed","template":"","meta":[],"product_brand":[],"product_cat":[9384,616,1983,3450],"product_tag":[],"class_list":{"0":"post-143025","1":"product","2":"type-product","3":"status-publish","4":"has-post-thumbnail","6":"product_cat-corner-sofas-pyka","7":"product_cat-corners","8":"product_cat-corners-l","9":"product_cat-meble-pyka","11":"first","12":"instock","13":"shipping-taxable","14":"purchasable","15":"product-type-variable","16":"wvs-archive-product-wrapper"},"_links":{"self":[{"href":"https:\/\/baldumarket.lt\/lt\/wp-json\/wp\/v2\/product\/143025","targetHints":{"allow":["GET"]}}],"collection":[{"href":"https:\/\/baldumarket.lt\/lt\/wp-json\/wp\/v2\/product"}],"about":[{"href":"https:\/\/baldumarket.lt\/lt\/wp-json\/wp\/v2\/types\/product"}],"replies":[{"embeddable":true,"href":"https:\/\/baldumarket.lt\/lt\/wp-json\/wp\/v2\/comments?post=143025"}],"wp:featuredmedia":[{"embeddable":true,"href":"https:\/\/baldumarket.lt\/lt\/wp-json\/wp\/v2\/media\/143095"}],"wp:attachment":[{"href":"https:\/\/baldumarket.lt\/lt\/wp-json\/wp\/v2\/media?parent=143025"}],"wp:term":[{"taxonomy":"product_brand","embeddable":true,"href":"https:\/\/baldumarket.lt\/lt\/wp-json\/wp\/v2\/product_brand?post=143025"},{"taxonomy":"product_cat","embeddable":true,"href":"https:\/\/baldumarket.lt\/lt\/wp-json\/wp\/v2\/product_cat?post=143025"},{"taxonomy":"product_tag","embeddable":true,"href":"https:\/\/baldumarket.lt\/lt\/wp-json\/wp\/v2\/product_tag?post=143025"}],"curies":[{"name":"wp","href":"https:\/\/api.w.org\/{rel}","templated":true}]}}