{"id":143023,"date":"2025-12-14T01:52:31","date_gmt":"2025-12-13T22:52:31","guid":{"rendered":"https:\/\/baldumarket.lt\/?post_type=product&#038;p=143023"},"modified":"2026-02-03T23:36:55","modified_gmt":"2026-02-03T20:36:55","slug":"naroznik-cayenne-280x180-massiv-nero","status":"publish","type":"product","link":"https:\/\/baldumarket.lt\/lt\/product\/naroznik-cayenne-280x180-massiv-nero\/","title":{"rendered":"CAYENNE kampin\u0117 sofa 280\u00d7180 Massiv Nero"},"content":{"rendered":"<p>\u201eCayenne\u201c kampin\u0117 sofa pasi\u017eymi moderniu, ta\u010diau unikaliu dizainu. D\u0117l savo i\u0161vaizdos ji idealiai tinka paprastiems ir ma\u017eiems interjerams. Patogus \u0161ezlongas u\u017etikrina tinkam\u0105 atsipalaidavim\u0105 po ilgos dienos. Specifikacijos: - \u201eCavalry\u201c spyruokl\u0117s, - didelio elastingumo putos, - miego funkcija, - patalyn\u0117s laikymo vieta, - reguliuojamos galvos atramos, - sidabrin\u0117s metalin\u0117s kojel\u0117s. <\/p>","protected":false},"excerpt":{"rendered":"<p>\u201eCayenne\u201c kampin\u0117 sofa pasi\u017eymi moderniu, ta\u010diau unikaliu dizainu. D\u0117l savo i\u0161vaizdos ji idealiai tinka paprastiems ir ma\u017eiems interjerams. Patogus \u0161ezlongas u\u017etikrina tinkam\u0105 atsipalaidavim\u0105 po ilgos dienos. Specifikacijos: - \u201eCavalry\u201c spyruokl\u0117s, - didelio elastingumo putos, - miego funkcija, - patalyn\u0117s laikymo vieta, - reguliuojamos galvos atramos, - sidabrin\u0117s metalin\u0117s kojel\u0117s.<\/p>","protected":false},"featured_media":143092,"comment_status":"open","ping_status":"closed","template":"","meta":[],"product_brand":[],"product_cat":[9384,616,1983,3450],"product_tag":[],"class_list":{"0":"post-143023","1":"product","2":"type-product","3":"status-publish","4":"has-post-thumbnail","6":"product_cat-corner-sofas-pyka","7":"product_cat-corners","8":"product_cat-corners-l","9":"product_cat-meble-pyka","11":"first","12":"instock","13":"shipping-taxable","14":"purchasable","15":"product-type-variable","16":"wvs-archive-product-wrapper"},"_links":{"self":[{"href":"https:\/\/baldumarket.lt\/lt\/wp-json\/wp\/v2\/product\/143023","targetHints":{"allow":["GET"]}}],"collection":[{"href":"https:\/\/baldumarket.lt\/lt\/wp-json\/wp\/v2\/product"}],"about":[{"href":"https:\/\/baldumarket.lt\/lt\/wp-json\/wp\/v2\/types\/product"}],"replies":[{"embeddable":true,"href":"https:\/\/baldumarket.lt\/lt\/wp-json\/wp\/v2\/comments?post=143023"}],"wp:featuredmedia":[{"embeddable":true,"href":"https:\/\/baldumarket.lt\/lt\/wp-json\/wp\/v2\/media\/143092"}],"wp:attachment":[{"href":"https:\/\/baldumarket.lt\/lt\/wp-json\/wp\/v2\/media?parent=143023"}],"wp:term":[{"taxonomy":"product_brand","embeddable":true,"href":"https:\/\/baldumarket.lt\/lt\/wp-json\/wp\/v2\/product_brand?post=143023"},{"taxonomy":"product_cat","embeddable":true,"href":"https:\/\/baldumarket.lt\/lt\/wp-json\/wp\/v2\/product_cat?post=143023"},{"taxonomy":"product_tag","embeddable":true,"href":"https:\/\/baldumarket.lt\/lt\/wp-json\/wp\/v2\/product_tag?post=143023"}],"curies":[{"name":"wp","href":"https:\/\/api.w.org\/{rel}","templated":true}]}}