{"id":143021,"date":"2025-12-14T01:52:30","date_gmt":"2025-12-13T22:52:30","guid":{"rendered":"https:\/\/baldumarket.lt\/?post_type=product&#038;p=143021"},"modified":"2026-02-03T23:36:55","modified_gmt":"2026-02-03T20:36:55","slug":"naroznik-cayenne-180x280-davis-tender-way-02","status":"publish","type":"product","link":"https:\/\/baldumarket.lt\/lt\/product\/naroznik-cayenne-180x280-davis-tender-way-02\/","title":{"rendered":"CAYENNE kampin\u0117 sofa 180\u00d7280 Davis Tender Way 02"},"content":{"rendered":"<p>Kampin\u0117 sofa \u201eCayenne\u201c pasi\u017eymi moderniu, ta\u010diau unikaliu dizainu. D\u0117l savo i\u0161vaizdos ji idealiai tinka paprastiems ir ma\u017eiems interjerams. Patogus \u0161ezlongas u\u017etikrina tinkam\u0105 atsipalaidavim\u0105 po ilgos dienos. Specifikacijos: - Kavalerio spyruokl\u0117s, - Didelio elastingumo putos, - Miego funkcija, - Patalyn\u0117, - Reguliuojamos galvos atramos, - Metalin\u0117s kojel\u0117s. <\/p>","protected":false},"excerpt":{"rendered":"<p>Kampin\u0117 sofa \u201eCayenne\u201c pasi\u017eymi moderniu, ta\u010diau unikaliu dizainu. D\u0117l savo i\u0161vaizdos ji idealiai tinka paprastiems ir ma\u017eiems interjerams. Patogus \u0161ezlongas u\u017etikrina tinkam\u0105 atsipalaidavim\u0105 po ilgos dienos. Specifikacijos: - Kavalerio spyruokl\u0117s, - Didelio elastingumo putos, - Miego funkcija, - Patalyn\u0117, - Reguliuojamos galvos atramos, - Metalin\u0117s kojel\u0117s.<\/p>","protected":false},"featured_media":143087,"comment_status":"open","ping_status":"closed","template":"","meta":[],"product_brand":[],"product_cat":[9384,616,1983,3450],"product_tag":[],"class_list":{"0":"post-143021","1":"product","2":"type-product","3":"status-publish","4":"has-post-thumbnail","6":"product_cat-corner-sofas-pyka","7":"product_cat-corners","8":"product_cat-corners-l","9":"product_cat-meble-pyka","11":"first","12":"instock","13":"shipping-taxable","14":"purchasable","15":"product-type-variable","16":"wvs-archive-product-wrapper"},"_links":{"self":[{"href":"https:\/\/baldumarket.lt\/lt\/wp-json\/wp\/v2\/product\/143021","targetHints":{"allow":["GET"]}}],"collection":[{"href":"https:\/\/baldumarket.lt\/lt\/wp-json\/wp\/v2\/product"}],"about":[{"href":"https:\/\/baldumarket.lt\/lt\/wp-json\/wp\/v2\/types\/product"}],"replies":[{"embeddable":true,"href":"https:\/\/baldumarket.lt\/lt\/wp-json\/wp\/v2\/comments?post=143021"}],"wp:featuredmedia":[{"embeddable":true,"href":"https:\/\/baldumarket.lt\/lt\/wp-json\/wp\/v2\/media\/143087"}],"wp:attachment":[{"href":"https:\/\/baldumarket.lt\/lt\/wp-json\/wp\/v2\/media?parent=143021"}],"wp:term":[{"taxonomy":"product_brand","embeddable":true,"href":"https:\/\/baldumarket.lt\/lt\/wp-json\/wp\/v2\/product_brand?post=143021"},{"taxonomy":"product_cat","embeddable":true,"href":"https:\/\/baldumarket.lt\/lt\/wp-json\/wp\/v2\/product_cat?post=143021"},{"taxonomy":"product_tag","embeddable":true,"href":"https:\/\/baldumarket.lt\/lt\/wp-json\/wp\/v2\/product_tag?post=143021"}],"curies":[{"name":"wp","href":"https:\/\/api.w.org\/{rel}","templated":true}]}}