{"id":143019,"date":"2025-12-14T01:52:29","date_gmt":"2025-12-13T22:52:29","guid":{"rendered":"https:\/\/baldumarket.lt\/?post_type=product&#038;p=143019"},"modified":"2026-02-03T23:36:55","modified_gmt":"2026-02-03T20:36:55","slug":"naroznik-castel-280x190-fargotex-maya-01","status":"publish","type":"product","link":"https:\/\/baldumarket.lt\/lt\/product\/naroznik-castel-280x190-fargotex-maya-01\/","title":{"rendered":"CASTEL kampin\u0117 sofa 280\u00d7190 Fargotex Maya 01"},"content":{"rendered":"<p>\u201eCastel\u201c kampin\u0117 sofa \u2013 svajoni\u0173 baldas modernaus stiliaus m\u0117g\u0117jams. \u0160i kampin\u0117 sofa apjungia daug privalum\u0173. D\u0117l \u012fmontuotos vietos daiktams susid\u0117ti ji puikiai tinka tiems, kuriems reikia papildomos vietos daiktams susid\u0117ti. Dien\u0105 ji puikiai tinka kaip gul\u0117jimo vieta, o nakt\u012f \u2013 kaip patogi lova dviem suaugusiesiems. Reguliuojamos galvos atramos yra papildomas privalumas. Specifikacijos: - \u201eCavalter\u201c spyruokl\u0117s, - didelio elastingumo putos, - miegojimo funkcija, - patalyn\u0117s laikymo vieta, - reguliuojamos galvos atramos, - si\u016bl\u0117s.<\/p>","protected":false},"excerpt":{"rendered":"<p>\u201eCastel\u201c kampin\u0117 sofa \u2013 svajoni\u0173 baldas modernaus stiliaus m\u0117g\u0117jams. \u0160i kampin\u0117 sofa apjungia daug privalum\u0173. D\u0117l \u012fmontuotos vietos daiktams susid\u0117ti ji puikiai tinka tiems, kuriems reikia papildomos vietos daiktams susid\u0117ti. Dien\u0105 ji puikiai tinka kaip gultas, o nakt\u012f \u2013 kaip patogi lova dviem suaugusiesiems. Reguliuojamos galvos atramos yra [\u2026]<\/p>","protected":false},"featured_media":143070,"comment_status":"open","ping_status":"closed","template":"","meta":[],"product_brand":[],"product_cat":[9384,616,1983,3450],"product_tag":[],"class_list":{"0":"post-143019","1":"product","2":"type-product","3":"status-publish","4":"has-post-thumbnail","6":"product_cat-corner-sofas-pyka","7":"product_cat-corners","8":"product_cat-corners-l","9":"product_cat-meble-pyka","11":"first","12":"instock","13":"shipping-taxable","14":"purchasable","15":"product-type-variable","16":"wvs-archive-product-wrapper"},"_links":{"self":[{"href":"https:\/\/baldumarket.lt\/lt\/wp-json\/wp\/v2\/product\/143019","targetHints":{"allow":["GET"]}}],"collection":[{"href":"https:\/\/baldumarket.lt\/lt\/wp-json\/wp\/v2\/product"}],"about":[{"href":"https:\/\/baldumarket.lt\/lt\/wp-json\/wp\/v2\/types\/product"}],"replies":[{"embeddable":true,"href":"https:\/\/baldumarket.lt\/lt\/wp-json\/wp\/v2\/comments?post=143019"}],"wp:featuredmedia":[{"embeddable":true,"href":"https:\/\/baldumarket.lt\/lt\/wp-json\/wp\/v2\/media\/143070"}],"wp:attachment":[{"href":"https:\/\/baldumarket.lt\/lt\/wp-json\/wp\/v2\/media?parent=143019"}],"wp:term":[{"taxonomy":"product_brand","embeddable":true,"href":"https:\/\/baldumarket.lt\/lt\/wp-json\/wp\/v2\/product_brand?post=143019"},{"taxonomy":"product_cat","embeddable":true,"href":"https:\/\/baldumarket.lt\/lt\/wp-json\/wp\/v2\/product_cat?post=143019"},{"taxonomy":"product_tag","embeddable":true,"href":"https:\/\/baldumarket.lt\/lt\/wp-json\/wp\/v2\/product_tag?post=143019"}],"curies":[{"name":"wp","href":"https:\/\/api.w.org\/{rel}","templated":true}]}}