{"id":143004,"date":"2025-12-14T01:51:57","date_gmt":"2025-12-13T22:51:57","guid":{"rendered":"https:\/\/baldumarket.lt\/?post_type=product&#038;p=143004"},"modified":"2026-02-03T23:36:55","modified_gmt":"2026-02-03T20:36:55","slug":"naroznik-atlanta-z-pufa-nx-black","status":"publish","type":"product","link":"https:\/\/baldumarket.lt\/lt\/product\/naroznik-atlanta-z-pufa-nx-black\/","title":{"rendered":"ATLANTA kampin\u0117 sofa su NX BLACK pufu"},"content":{"rendered":"<p> Kampin\u0117 sofa \u2019Atlanta\u201c yra viena i\u0161 da\u017eniausiai m\u016bs\u0173 klient\u0173 renkam\u0173 kampini\u0173 sof\u0173. Tai svajon\u0117 modernaus stiliaus m\u0117g\u0117jams. \u0160i kampin\u0117 sofa apjungia daug privalum\u0173. D\u0117l \u012fmontuotos vietos daiktams susid\u0117ti ji puikiai tinka tiems, kuriems reikia papildomos vietos daiktams susid\u0117ti. Dien\u0105 ji puikiai tinka kaip gul\u0117jimo vieta, o nakt\u012f \u2013 kaip patogi lova dviem suaugusiesiems. Galvos atramos reguliuojamos \u012fvairiais kampais. Specifikacijos: - Kavalerio spyruokl\u0117s, - Didelio elastingumo putos, - Kasdienio miego funkcija, - Patalyn\u0117s laikymo vieta, - Reguliuojamos galvos atramos, - Si\u016bl\u0117s, - Metalin\u0117s kojel\u0117s<\/p>","protected":false},"excerpt":{"rendered":"<p>Kampin\u0117 sofa \u2019Atlanta\u201c yra viena i\u0161 da\u017eniausiai m\u016bs\u0173 klient\u0173 renkam\u0173 kampini\u0173 sof\u0173. Tai svajon\u0117 modernaus stiliaus m\u0117g\u0117jams. \u0160i kampin\u0117 sofa apjungia daug privalum\u0173. D\u0117l \u012fmontuotos vietos daiktams susid\u0117ti ji puikiai tinka tiems, kuriems reikia papildomos vietos daiktams susid\u0117ti. Dien\u0105 ji puikiai tinka kaip gul\u0117jimo vieta, o nakt\u012f [\u2026]<\/p>","protected":false},"featured_media":143064,"comment_status":"open","ping_status":"closed","template":"","meta":[],"product_brand":[],"product_cat":[9384,616,1983,3450],"product_tag":[],"class_list":{"0":"post-143004","1":"product","2":"type-product","3":"status-publish","4":"has-post-thumbnail","6":"product_cat-corner-sofas-pyka","7":"product_cat-corners","8":"product_cat-corners-l","9":"product_cat-meble-pyka","11":"first","12":"instock","13":"shipping-taxable","14":"purchasable","15":"product-type-variable","16":"wvs-archive-product-wrapper"},"_links":{"self":[{"href":"https:\/\/baldumarket.lt\/lt\/wp-json\/wp\/v2\/product\/143004","targetHints":{"allow":["GET"]}}],"collection":[{"href":"https:\/\/baldumarket.lt\/lt\/wp-json\/wp\/v2\/product"}],"about":[{"href":"https:\/\/baldumarket.lt\/lt\/wp-json\/wp\/v2\/types\/product"}],"replies":[{"embeddable":true,"href":"https:\/\/baldumarket.lt\/lt\/wp-json\/wp\/v2\/comments?post=143004"}],"wp:featuredmedia":[{"embeddable":true,"href":"https:\/\/baldumarket.lt\/lt\/wp-json\/wp\/v2\/media\/143064"}],"wp:attachment":[{"href":"https:\/\/baldumarket.lt\/lt\/wp-json\/wp\/v2\/media?parent=143004"}],"wp:term":[{"taxonomy":"product_brand","embeddable":true,"href":"https:\/\/baldumarket.lt\/lt\/wp-json\/wp\/v2\/product_brand?post=143004"},{"taxonomy":"product_cat","embeddable":true,"href":"https:\/\/baldumarket.lt\/lt\/wp-json\/wp\/v2\/product_cat?post=143004"},{"taxonomy":"product_tag","embeddable":true,"href":"https:\/\/baldumarket.lt\/lt\/wp-json\/wp\/v2\/product_tag?post=143004"}],"curies":[{"name":"wp","href":"https:\/\/api.w.org\/{rel}","templated":true}]}}