{"id":143000,"date":"2025-12-14T01:51:56","date_gmt":"2025-12-13T22:51:56","guid":{"rendered":"https:\/\/baldumarket.lt\/?post_type=product&#038;p=143000"},"modified":"2026-02-03T23:36:55","modified_gmt":"2026-02-03T20:36:55","slug":"naroznik-atlanta-tkanina-190x280","status":"publish","type":"product","link":"https:\/\/baldumarket.lt\/lt\/product\/naroznik-atlanta-tkanina-190x280\/","title":{"rendered":"ATLANTA kampin\u0117 sofa, audinys, 190\u00d7280"},"content":{"rendered":"<p>Viena i\u0161 da\u017eniausiai m\u016bs\u0173 klient\u0173 renkam\u0173 kampini\u0173 sof\u0173. Tai svajon\u0117 modernaus stiliaus m\u0117g\u0117jams. \u0160i kampin\u0117 sofa apjungia daug privalum\u0173. D\u0117l \u012fmontuotos vietos daiktams susid\u0117ti ji puikiai tinka tiems, kuriems reikia papildomos vietos daiktams susid\u0117ti. Dien\u0105 ji puikiai tinka poilsiui, o nakt\u012f suteikia patogi\u0105 lov\u0105 dviem suaugusiesiems. Reguliuojamos galvos atramos yra papildomas privalumas. Specifikacijos: \u2013 Zigzago spyruokl\u0117s \u2013 Miegojimo funkcija \u2013 Didelio elastingumo putos \u2013 Vieta daiktams susid\u0117ti \u2013 Si\u016bl\u0117s \u2013 Reguliuojamos galvos atramos \u2013 Metalin\u0117s kojel\u0117s * Bald\u0173 gamyba pagal u\u017esakym\u0105 \u2013 u\u017esakymo laikas nuo 3 iki 5 savai\u010di\u0173, **Matmen\u0173 tolerancija +\/- 10 cm<\/p>","protected":false},"excerpt":{"rendered":"<p>Viena i\u0161 da\u017eniausiai m\u016bs\u0173 klient\u0173 renkam\u0173 kampini\u0173 sof\u0173. Tai svajon\u0117 modernaus stiliaus m\u0117g\u0117jams. \u0160i kampin\u0117 sofa apjungia daug privalum\u0173. D\u0117l \u012fmontuotos vietos daiktams susid\u0117ti ji puikiai tinka tiems, kuriems reikia papildomos vietos daiktams susid\u0117ti. Dien\u0105 ji puikiai tinka poilsiui, o nakt\u012f \u2013 patogi lova dviem [\u2026]<\/p>","protected":false},"featured_media":143041,"comment_status":"open","ping_status":"closed","template":"","meta":[],"product_brand":[],"product_cat":[9384,616,1983,3450],"product_tag":[],"class_list":{"0":"post-143000","1":"product","2":"type-product","3":"status-publish","4":"has-post-thumbnail","6":"product_cat-corner-sofas-pyka","7":"product_cat-corners","8":"product_cat-corners-l","9":"product_cat-meble-pyka","11":"first","12":"instock","13":"shipping-taxable","14":"purchasable","15":"product-type-variable","16":"wvs-archive-product-wrapper"},"_links":{"self":[{"href":"https:\/\/baldumarket.lt\/lt\/wp-json\/wp\/v2\/product\/143000","targetHints":{"allow":["GET"]}}],"collection":[{"href":"https:\/\/baldumarket.lt\/lt\/wp-json\/wp\/v2\/product"}],"about":[{"href":"https:\/\/baldumarket.lt\/lt\/wp-json\/wp\/v2\/types\/product"}],"replies":[{"embeddable":true,"href":"https:\/\/baldumarket.lt\/lt\/wp-json\/wp\/v2\/comments?post=143000"}],"wp:featuredmedia":[{"embeddable":true,"href":"https:\/\/baldumarket.lt\/lt\/wp-json\/wp\/v2\/media\/143041"}],"wp:attachment":[{"href":"https:\/\/baldumarket.lt\/lt\/wp-json\/wp\/v2\/media?parent=143000"}],"wp:term":[{"taxonomy":"product_brand","embeddable":true,"href":"https:\/\/baldumarket.lt\/lt\/wp-json\/wp\/v2\/product_brand?post=143000"},{"taxonomy":"product_cat","embeddable":true,"href":"https:\/\/baldumarket.lt\/lt\/wp-json\/wp\/v2\/product_cat?post=143000"},{"taxonomy":"product_tag","embeddable":true,"href":"https:\/\/baldumarket.lt\/lt\/wp-json\/wp\/v2\/product_tag?post=143000"}],"curies":[{"name":"wp","href":"https:\/\/api.w.org\/{rel}","templated":true}]}}