{"id":142941,"date":"2025-12-14T01:50:18","date_gmt":"2025-12-13T22:50:18","guid":{"rendered":"https:\/\/baldumarket.lt\/?post_type=product&#038;p=142941"},"modified":"2026-02-03T23:36:59","modified_gmt":"2026-02-03T20:36:59","slug":"lozko-milan-skora-180x200","status":"publish","type":"product","link":"https:\/\/baldumarket.lt\/lt\/product\/lozko-milan-skora-180x200\/","title":{"rendered":"MILAN odin\u0117 lova 180&#215;200"},"content":{"rendered":"<p>Specifikacijos: \u2013 Siuvimas \u2013 Reguliuojami galvos atlo\u0161ai \u2013 Metalin\u0117s kojel\u0117s * baldai gaminami pagal u\u017esakym\u0105 \u2013 u\u017esakymo gamybos laikas: 4\u20136 savait\u0117s<\/p>","protected":false},"excerpt":{"rendered":"<p>Specifikacijos: \u2013 Siuvimas \u2013 Reguliuojami galvos atlo\u0161ai \u2013 Metalin\u0117s kojel\u0117s * baldai gaminami pagal u\u017esakym\u0105 \u2013 u\u017esakymo gamybos laikas: 4\u20136 savait\u0117s<\/p>","protected":false},"featured_media":142968,"comment_status":"open","ping_status":"closed","template":"","meta":[],"product_brand":[],"product_cat":[9383,505,1972,3450],"product_tag":[],"class_list":{"0":"post-142941","1":"product","2":"type-product","3":"status-publish","4":"has-post-thumbnail","6":"product_cat-beds-pyka","7":"product_cat-bedroom-beds","8":"product_cat-beds-180x200","9":"product_cat-meble-pyka","11":"first","12":"instock","13":"shipping-taxable","14":"purchasable","15":"product-type-variable","16":"wvs-archive-product-wrapper"},"_links":{"self":[{"href":"https:\/\/baldumarket.lt\/lt\/wp-json\/wp\/v2\/product\/142941","targetHints":{"allow":["GET"]}}],"collection":[{"href":"https:\/\/baldumarket.lt\/lt\/wp-json\/wp\/v2\/product"}],"about":[{"href":"https:\/\/baldumarket.lt\/lt\/wp-json\/wp\/v2\/types\/product"}],"replies":[{"embeddable":true,"href":"https:\/\/baldumarket.lt\/lt\/wp-json\/wp\/v2\/comments?post=142941"}],"wp:featuredmedia":[{"embeddable":true,"href":"https:\/\/baldumarket.lt\/lt\/wp-json\/wp\/v2\/media\/142968"}],"wp:attachment":[{"href":"https:\/\/baldumarket.lt\/lt\/wp-json\/wp\/v2\/media?parent=142941"}],"wp:term":[{"taxonomy":"product_brand","embeddable":true,"href":"https:\/\/baldumarket.lt\/lt\/wp-json\/wp\/v2\/product_brand?post=142941"},{"taxonomy":"product_cat","embeddable":true,"href":"https:\/\/baldumarket.lt\/lt\/wp-json\/wp\/v2\/product_cat?post=142941"},{"taxonomy":"product_tag","embeddable":true,"href":"https:\/\/baldumarket.lt\/lt\/wp-json\/wp\/v2\/product_tag?post=142941"}],"curies":[{"name":"wp","href":"https:\/\/api.w.org\/{rel}","templated":true}]}}