{"id":142919,"date":"2025-12-14T01:49:47","date_gmt":"2025-12-13T22:49:47","guid":{"rendered":"https:\/\/baldumarket.lt\/?post_type=product&#038;p=142919"},"modified":"2026-02-03T23:37:00","modified_gmt":"2026-02-03T20:37:00","slug":"lozko-kinga-160x200","status":"publish","type":"product","link":"https:\/\/baldumarket.lt\/lt\/product\/lozko-kinga-160x200\/","title":{"rendered":"KINGA lova 160\u00d7200"},"content":{"rendered":"<p>Jei m\u0117gstate tradicinius dizaino sprendimus, jums tikrai patiks m\u016bs\u0173 \u201eKinga\u201c serijos svetain\u0117s baldai. Tai tikras auk\u0161tos kokyb\u0117s meistri\u0161kumo pavyzdys, d\u017eiuginantis m\u016bs\u0173 klientus kiekvien\u0105 dien\u0105. Specifikacijos \u2013 Nat\u016bralus \u0105\u017euolo fanera * baldai gaminami pagal u\u017esakym\u0105 \u2013 u\u017esakymo gamybos laikas: 3\u20136 savait\u0117s<\/p>","protected":false},"excerpt":{"rendered":"<p>Jei m\u0117gstate tradicinius dizaino sprendimus, jums tikrai patiks m\u016bs\u0173 \u201eKinga\u201c serijos svetain\u0117s baldai. Tai tikras auk\u0161tos kokyb\u0117s meistri\u0161kumo pavyzdys, d\u017eiuginantis m\u016bs\u0173 klientus kiekvien\u0105 dien\u0105. Specifikacijos \u2013 Nat\u016bralus \u0105\u017euolo fanera * baldai gaminami pagal u\u017esakym\u0105 \u2013 u\u017esakymo gamybos laikas: 3\u20136 savait\u0117s<\/p>","protected":false},"featured_media":142946,"comment_status":"open","ping_status":"closed","template":"","meta":[],"product_brand":[],"product_cat":[9383,9358,505,1971,3450],"product_tag":[],"class_list":{"0":"post-142919","1":"product","2":"type-product","3":"status-publish","4":"has-post-thumbnail","6":"product_cat-beds-pyka","7":"product_cat-furniture-system-kinga","8":"product_cat-bedroom-beds","9":"product_cat-beds-160x200","10":"product_cat-meble-pyka","12":"first","13":"instock","14":"shipping-taxable","15":"purchasable","16":"product-type-variable","17":"wvs-archive-product-wrapper"},"_links":{"self":[{"href":"https:\/\/baldumarket.lt\/lt\/wp-json\/wp\/v2\/product\/142919","targetHints":{"allow":["GET"]}}],"collection":[{"href":"https:\/\/baldumarket.lt\/lt\/wp-json\/wp\/v2\/product"}],"about":[{"href":"https:\/\/baldumarket.lt\/lt\/wp-json\/wp\/v2\/types\/product"}],"replies":[{"embeddable":true,"href":"https:\/\/baldumarket.lt\/lt\/wp-json\/wp\/v2\/comments?post=142919"}],"wp:featuredmedia":[{"embeddable":true,"href":"https:\/\/baldumarket.lt\/lt\/wp-json\/wp\/v2\/media\/142946"}],"wp:attachment":[{"href":"https:\/\/baldumarket.lt\/lt\/wp-json\/wp\/v2\/media?parent=142919"}],"wp:term":[{"taxonomy":"product_brand","embeddable":true,"href":"https:\/\/baldumarket.lt\/lt\/wp-json\/wp\/v2\/product_brand?post=142919"},{"taxonomy":"product_cat","embeddable":true,"href":"https:\/\/baldumarket.lt\/lt\/wp-json\/wp\/v2\/product_cat?post=142919"},{"taxonomy":"product_tag","embeddable":true,"href":"https:\/\/baldumarket.lt\/lt\/wp-json\/wp\/v2\/product_tag?post=142919"}],"curies":[{"name":"wp","href":"https:\/\/api.w.org\/{rel}","templated":true}]}}