{"id":142891,"date":"2025-12-14T01:49:12","date_gmt":"2025-12-13T22:49:12","guid":{"rendered":"https:\/\/baldumarket.lt\/?post_type=product&#038;p=142891"},"modified":"2026-04-08T15:59:02","modified_gmt":"2026-04-08T12:59:02","slug":"lozko-chesterfield-skora-180x200","status":"publish","type":"product","link":"https:\/\/baldumarket.lt\/lt\/product\/lozko-chesterfield-skora-180x200\/","title":{"rendered":"\u010cESTERFIELDO odin\u0117 lova 180&#215;200"},"content":{"rendered":"<p>\u201eChesterfield\u201c lova derina modern\u0173 dizain\u0105 ir funkcionalum\u0105. Dekoratyviniai dygsniai suteiks j\u016bs\u0173 miegamajam \u017eavesio. Specifikacijos: \u2013 Didelio elastingumo porolonas, \u2013 Dekoratyviniai dygsniai, \u2013 Dviej\u0173 skyri\u0173 patalyn\u0117s skyrius, * pagal u\u017esakym\u0105 gaminami baldai \u2013 u\u017esakymo \u012fvykdymo laikas: 3\u20136 savait\u0117s  <\/p>","protected":false},"excerpt":{"rendered":"<p>\u201eChesterfield\u201c lova derina modern\u0173 dizain\u0105 ir funkcionalum\u0105. Dekoratyviniai dygsniai suteiks j\u016bs\u0173 miegamajam \u017eavesio. Specifikacijos: \u2013 Didelio elastingumo porolonas, \u2013 Dekoratyviniai dygsniai, \u2013 Dviej\u0173 skyri\u0173 patalyn\u0117s skyrius, * pagal u\u017esakym\u0105 gaminami baldai \u2013 u\u017esakymo \u012fvykdymo laikas: 3\u20136 savait\u0117s<\/p>","protected":false},"featured_media":142927,"comment_status":"open","ping_status":"closed","template":"","meta":[],"product_brand":[],"product_cat":[9383,9357,505,3450],"product_tag":[],"class_list":{"0":"post-142891","1":"product","2":"type-product","3":"status-publish","4":"has-post-thumbnail","6":"product_cat-beds-pyka","7":"product_cat-chesterfield-pyka-upholstered-furniture","8":"product_cat-bedroom-beds","9":"product_cat-meble-pyka","11":"first","12":"instock","13":"shipping-taxable","14":"purchasable","15":"product-type-variable","16":"wvs-archive-product-wrapper"},"_links":{"self":[{"href":"https:\/\/baldumarket.lt\/lt\/wp-json\/wp\/v2\/product\/142891","targetHints":{"allow":["GET"]}}],"collection":[{"href":"https:\/\/baldumarket.lt\/lt\/wp-json\/wp\/v2\/product"}],"about":[{"href":"https:\/\/baldumarket.lt\/lt\/wp-json\/wp\/v2\/types\/product"}],"replies":[{"embeddable":true,"href":"https:\/\/baldumarket.lt\/lt\/wp-json\/wp\/v2\/comments?post=142891"}],"wp:featuredmedia":[{"embeddable":true,"href":"https:\/\/baldumarket.lt\/lt\/wp-json\/wp\/v2\/media\/142927"}],"wp:attachment":[{"href":"https:\/\/baldumarket.lt\/lt\/wp-json\/wp\/v2\/media?parent=142891"}],"wp:term":[{"taxonomy":"product_brand","embeddable":true,"href":"https:\/\/baldumarket.lt\/lt\/wp-json\/wp\/v2\/product_brand?post=142891"},{"taxonomy":"product_cat","embeddable":true,"href":"https:\/\/baldumarket.lt\/lt\/wp-json\/wp\/v2\/product_cat?post=142891"},{"taxonomy":"product_tag","embeddable":true,"href":"https:\/\/baldumarket.lt\/lt\/wp-json\/wp\/v2\/product_tag?post=142891"}],"curies":[{"name":"wp","href":"https:\/\/api.w.org\/{rel}","templated":true}]}}