{"id":142866,"date":"2025-12-14T01:48:43","date_gmt":"2025-12-13T22:48:43","guid":{"rendered":"https:\/\/baldumarket.lt\/?post_type=product&#038;p=142866"},"modified":"2026-04-08T15:59:02","modified_gmt":"2026-04-08T12:59:02","slug":"lawa-mustang","status":"publish","type":"product","link":"https:\/\/baldumarket.lt\/lt\/product\/lawa-mustang\/","title":{"rendered":"MUSTANG suolas"},"content":{"rendered":"<p>Unikalus gro\u017eis ir klasikin\u0117 elegancija derinama su rankomis rai\u017eytais arkliukais? \u201eMustang\u201c kavos staliukas \u2013 puikus sprendimas i\u0161rankiausiems klientams, kurie nebijo dr\u0105si\u0173 sprendim\u0173 ir ie\u0161ko unikali\u0173 bald\u0173 savo interjerui. Specifikacijos: \u2013 Nat\u016bralus \u0105\u017euolo fanera * baldai gaminami pagal u\u017esakym\u0105 \u2013 u\u017esakymo atlikimo laikas: 3\u20136 savait\u0117s<\/p>","protected":false},"excerpt":{"rendered":"<p>Unikalus gro\u017eis ir klasikin\u0117 elegancija derinama su rankomis rai\u017eytais arkliukais? \u201eMustang\u201c kavos staliukas \u2013 puikus sprendimas i\u0161rankiausiems klientams, kurie nebijo dr\u0105si\u0173 sprendim\u0173 ir ie\u0161ko unikali\u0173 bald\u0173 savo interjerui. Specifikacijos: \u2013 Nat\u016bralus \u0105\u017euolo fanera * baldai gaminami pagal u\u017esakym\u0105 \u2013 u\u017esakymo atlikimo laikas: 3\u20136 savait\u0117s<\/p>","protected":false},"featured_media":142901,"comment_status":"open","ping_status":"closed","template":"","meta":[],"product_brand":[],"product_cat":[9382,9374,866,3450],"product_tag":[],"class_list":{"0":"post-142866","1":"product","2":"type-product","3":"status-publish","4":"has-post-thumbnail","6":"product_cat-coffee-tables-pyka","7":"product_cat-upholstered-furniture-mustang-pyka","8":"product_cat-coffee-tables","9":"product_cat-meble-pyka","11":"first","12":"instock","13":"shipping-taxable","14":"purchasable","15":"product-type-variable","16":"wvs-archive-product-wrapper"},"_links":{"self":[{"href":"https:\/\/baldumarket.lt\/lt\/wp-json\/wp\/v2\/product\/142866","targetHints":{"allow":["GET"]}}],"collection":[{"href":"https:\/\/baldumarket.lt\/lt\/wp-json\/wp\/v2\/product"}],"about":[{"href":"https:\/\/baldumarket.lt\/lt\/wp-json\/wp\/v2\/types\/product"}],"replies":[{"embeddable":true,"href":"https:\/\/baldumarket.lt\/lt\/wp-json\/wp\/v2\/comments?post=142866"}],"wp:featuredmedia":[{"embeddable":true,"href":"https:\/\/baldumarket.lt\/lt\/wp-json\/wp\/v2\/media\/142901"}],"wp:attachment":[{"href":"https:\/\/baldumarket.lt\/lt\/wp-json\/wp\/v2\/media?parent=142866"}],"wp:term":[{"taxonomy":"product_brand","embeddable":true,"href":"https:\/\/baldumarket.lt\/lt\/wp-json\/wp\/v2\/product_brand?post=142866"},{"taxonomy":"product_cat","embeddable":true,"href":"https:\/\/baldumarket.lt\/lt\/wp-json\/wp\/v2\/product_cat?post=142866"},{"taxonomy":"product_tag","embeddable":true,"href":"https:\/\/baldumarket.lt\/lt\/wp-json\/wp\/v2\/product_tag?post=142866"}],"curies":[{"name":"wp","href":"https:\/\/api.w.org\/{rel}","templated":true}]}}